{"id":943,"date":"2026-01-16T08:08:43","date_gmt":"2026-01-16T08:08:43","guid":{"rendered":"https:\/\/space42.ch\/?page_id=943"},"modified":"2026-02-09T13:20:19","modified_gmt":"2026-02-09T13:20:19","slug":"how-we-work","status":"publish","type":"page","link":"https:\/\/space42.ch\/de\/how-we-work\/","title":{"rendered":"Wie wir arbeiten"},"content":{"rendered":"<section class=\"section is-full-height\" id=\"section_362910633\">\n\t\t<div class=\"section-bg fill\" >\n\t\t\t<img loading=\"lazy\" decoding=\"async\" width=\"2560\" height=\"1664\" src=\"https:\/\/space42.ch\/wp-content\/uploads\/2025\/12\/rutnat.png\" class=\"bg attachment-original size-original\" alt=\"\" \/>\t\t\t\t\t\t\n\t\t\t\n\n\t\t<\/div>\n\n\t\t\n\n\t\t<div class=\"section-content relative\">\n\t\t\t\n\n<div class=\"row row-large\" style=\"max-width:80%\" id=\"row-799453988\">\n\n\n\t<div id=\"col-537276431\" class=\"col medium-8 small-12 large-8\"  >\n\t\t\t\t<div class=\"col-inner\"  >\n\t\t\t\n\t\t\t\n\n\t<div id=\"text-1434230959\" class=\"text\">\n\t\t\n\n<p>Wie wir arbeiten<\/p>\n\t\t\n<style>\n#text-1434230959 {\n  color: rgb(255, 255, 255);\n}\n#text-1434230959 > * {\n  color: rgb(255, 255, 255);\n}\n<\/style>\n\t<\/div>\n\t\n\t<div id=\"text-435486928\" class=\"text\">\n\t\t\n\n<h1>Ein strukturierter, qualit\u00e4tsorientierter Ansatz<\/h1>\n\t\t\n<style>\n#text-435486928 {\n  color: rgb(255, 255, 255);\n}\n#text-435486928 > * {\n  color: rgb(255, 255, 255);\n}\n<\/style>\n\t<\/div>\n\t\n\t<div id=\"text-251198723\" class=\"text\">\n\t\t\n\n<h3>Jedes Engagement bei Space42 beginnt mit einem tiefen Verst\u00e4ndnis der Ziele, Rahmenbedingungen und des Kontexts. Wir kombinieren Senior-Expertise, sorgf\u00e4ltiges Matching und strukturierte Umsetzung, um nachhaltige Wirkung zu erzielen \u2013 sowohl in der Bildung als auch in Beratungsprojekten.<\/h3>\n\t\t\n<style>\n#text-251198723 {\n  color: rgb(255, 255, 255);\n}\n#text-251198723 > * {\n  color: rgb(255, 255, 255);\n}\n<\/style>\n\t<\/div>\n\t\n\n\t\t<\/div>\n\t\t\t\t\t<\/div>\n\n\t\n\n\n<style>\n#row-799453988 > .col > .col-inner {\n  padding: 0px 0px 0px 0px;\n}\n<\/style>\n<\/div>\n\n\t\t<\/div>\n\n\t\t\n<style>\n#section_362910633 {\n  padding-top: 96px;\n  padding-bottom: 96px;\n  min-height: 100vh;\n}\n<\/style>\n\t<\/section>\n\t\n\n\t<section class=\"section\" id=\"section_787657107\">\n\t\t<div class=\"section-bg fill\" >\n\t\t\t\t\t\t\t\t\t\n\t\t\t\n\n\t\t<\/div>\n\n\t\t\n\n\t\t<div class=\"section-content relative\">\n\t\t\t\n\n<div class=\"row row-small\" style=\"max-width:80%\" id=\"row-300980564\">\n\n\n\t<div id=\"col-2101620187\" class=\"col medium-6 small-12 large-6\"  >\n\t\t\t\t<div class=\"col-inner\" style=\"background-color:rgb(12, 12, 12);\" >\n\t\t\t\n\t\t\t\n\n\t<div id=\"text-2963114829\" class=\"text\">\n\t\t\n\n<p>Schritt 01<\/p>\n\t\t\n<style>\n#text-2963114829 {\n  color: #00cc96;\n}\n#text-2963114829 > * {\n  color: #00cc96;\n}\n<\/style>\n\t<\/div>\n\t\n\t<div id=\"text-1879121570\" class=\"text\">\n\t\t\n\n<h3>Zuh\u00f6ren und Analysieren<\/h3>\n\t\t\n<style>\n#text-1879121570 {\n  color: rgb(255, 255, 255);\n}\n#text-1879121570 > * {\n  color: rgb(255, 255, 255);\n}\n<\/style>\n\t<\/div>\n\t\n\t<div id=\"text-1335701002\" class=\"text\">\n\t\t\n\n<p data-start=\"865\" data-end=\"1090\">Wir investieren Zeit, um die Ziele, Herausforderungen und den technischen oder p\u00e4dagogischen Kontext des Kunden oder der Institution vollst\u00e4ndig zu verstehen, bevor ein Engagement beginnt.<\/p>\n\t\t\n<style>\n#text-1335701002 {\n  color: rgb(255, 255, 255);\n}\n#text-1335701002 > * {\n  color: rgb(255, 255, 255);\n}\n<\/style>\n\t<\/div>\n\t\n\n\t\t<\/div>\n\t\t\t\t\n<style>\n#col-2101620187 > .col-inner {\n  padding: 48px 48px 48px 48px;\n  border-radius: 24px;\n}\n<\/style>\n\t<\/div>\n\n\t\n\n\t<div id=\"col-1468073916\" class=\"col medium-6 small-12 large-6\"  >\n\t\t\t\t<div class=\"col-inner\" style=\"background-color:rgb(12, 12, 12);\" >\n\t\t\t\n\t\t\t\n\n\t<div id=\"text-607707239\" class=\"text\">\n\t\t\n\n<p>Schritt 02<\/p>\n\t\t\n<style>\n#text-607707239 {\n  color: rgb(0, 204, 150);\n}\n#text-607707239 > * {\n  color: rgb(0, 204, 150);\n}\n<\/style>\n\t<\/div>\n\t\n\t<div id=\"text-1222764367\" class=\"text\">\n\t\t\n\n<h3>Die richtige Expertise verbinden<\/h3>\n\t\t\n<style>\n#text-1222764367 {\n  color: rgb(255, 255, 255);\n}\n#text-1222764367 > * {\n  color: rgb(255, 255, 255);\n}\n<\/style>\n\t<\/div>\n\t\n\t<div id=\"text-3855973489\" class=\"text\">\n\t\t\n\n<p data-start=\"865\" data-end=\"1090\">F\u00fcr jedes Projekt oder jede Bildungsaufgabe wird der passende Senior-Experte sorgf\u00e4ltig ausgew\u00e4hlt \u2013 basierend auf Erfahrung, Spezialisierung und kultureller Passung.<\/p>\n\t\t\n<style>\n#text-3855973489 {\n  color: rgb(255, 255, 255);\n}\n#text-3855973489 > * {\n  color: rgb(255, 255, 255);\n}\n<\/style>\n\t<\/div>\n\t\n\n\t\t<\/div>\n\t\t\t\t\n<style>\n#col-1468073916 > .col-inner {\n  padding: 48px 48px 48px 48px;\n  border-radius: 24px;\n}\n<\/style>\n\t<\/div>\n\n\t\n\n\t<div id=\"col-885935676\" class=\"col medium-6 small-12 large-6\"  >\n\t\t\t\t<div class=\"col-inner\" style=\"background-color:rgb(12, 12, 12);\" >\n\t\t\t\n\t\t\t\n\n\t<div id=\"text-3575105601\" class=\"text\">\n\t\t\n\n<p>Schritt 03<\/p>\n\t\t\n<style>\n#text-3575105601 {\n  color: #00cc96;\n}\n#text-3575105601 > * {\n  color: #00cc96;\n}\n<\/style>\n\t<\/div>\n\t\n\t<div id=\"text-1888075569\" class=\"text\">\n\t\t\n\n<h3>F\u00fchrung mit Verantwortung<\/h3>\n\t\t\n<style>\n#text-1888075569 {\n  color: rgb(255, 255, 255);\n}\n#text-1888075569 > * {\n  color: rgb(255, 255, 255);\n}\n<\/style>\n\t<\/div>\n\t\n\t<div id=\"text-46642010\" class=\"text\">\n\t\t\n\n<p>Unsere Expert:innen treiben die Umsetzung mit klarer Verantwortung voran und sorgen so f\u00fcr messbare Ergebnisse, Wissenstransfer und praxisnahe Relevanz.<\/p>\n\t\t\n<style>\n#text-46642010 {\n  color: rgb(255, 255, 255);\n}\n#text-46642010 > * {\n  color: rgb(255, 255, 255);\n}\n<\/style>\n\t<\/div>\n\t\n\n\t\t<\/div>\n\t\t\t\t\n<style>\n#col-885935676 > .col-inner {\n  padding: 48px 48px 48px 48px;\n  border-radius: 24px;\n}\n<\/style>\n\t<\/div>\n\n\t\n\n\t<div id=\"col-981919460\" class=\"col medium-6 small-12 large-6\"  >\n\t\t\t\t<div class=\"col-inner\" style=\"background-color:rgb(12, 12, 12);\" >\n\t\t\t\n\t\t\t\n\n\t<div id=\"text-1663083992\" class=\"text\">\n\t\t\n\n<p>Schritt 04<\/p>\n\t\t\n<style>\n#text-1663083992 {\n  color: #00cc96;\n}\n#text-1663083992 > * {\n  color: #00cc96;\n}\n<\/style>\n\t<\/div>\n\t\n\t<div id=\"text-1215539669\" class=\"text\">\n\t\t\n\n<h3>Beziehungen aufbauen, keine Transaktionen<\/h3>\n\t\t\n<style>\n#text-1215539669 {\n  color: rgb(255, 255, 255);\n}\n#text-1215539669 > * {\n  color: rgb(255, 255, 255);\n}\n<\/style>\n\t<\/div>\n\t\n\t<div id=\"text-767917043\" class=\"text\">\n\t\t\n\n<p data-start=\"865\" data-end=\"1090\">Wir setzen den Fokus auf nachhaltige Ergebnisse und vertrauensvolle Zusammenarbeit. Unsere Engagements sind auf langfristige Wirkung ausgelegt \u2013 nicht auf kurzfristige Erfolge.<\/p>\n\t\t\n<style>\n#text-767917043 {\n  color: rgb(255, 255, 255);\n}\n#text-767917043 > * {\n  color: rgb(255, 255, 255);\n}\n<\/style>\n\t<\/div>\n\t\n\n\t\t<\/div>\n\t\t\t\t\n<style>\n#col-981919460 > .col-inner {\n  padding: 48px 48px 48px 48px;\n  border-radius: 24px;\n}\n<\/style>\n\t<\/div>\n\n\t\n\n<\/div>\n\n\t\t<\/div>\n\n\t\t\n<style>\n#section_787657107 {\n  padding-top: 96px;\n  padding-bottom: 96px;\n}\n<\/style>\n\t<\/section>\n\t\n\n\t<section class=\"section\" id=\"section_697318777\">\n\t\t<div class=\"section-bg fill\" >\n\t\t\t<img loading=\"lazy\" decoding=\"async\" width=\"2560\" height=\"1664\" src=\"https:\/\/space42.ch\/wp-content\/uploads\/2025\/12\/rutnat.png\" class=\"bg attachment-original size-original\" alt=\"\" \/>\t\t\t\t\t\t\n\t\t\t\n\n\t\t<\/div>\n\n\t\t\n\n\t\t<div class=\"section-content relative\">\n\t\t\t\n\n<div class=\"row row-large\" style=\"max-width:80%\" id=\"row-1703667176\">\n\n\n\t<div id=\"col-1086652105\" class=\"col medium-6 small-12 large-6 small-col-first\"  >\n\t\t\t\t<div class=\"col-inner\"  >\n\t\t\t\n\t\t\t\n\n\t<div class=\"img has-hover x md-x lg-x y md-y lg-y\" id=\"image_1274207586\">\n\t\t\t\t<div data-parallax-fade=\"true\" data-parallax=\"2\">\t\t\t\t<div class=\"img-inner image-cover dark\" style=\"padding-top:75%;\">\n\t\t\t<img loading=\"lazy\" decoding=\"async\" width=\"533\" height=\"800\" src=\"https:\/\/space42.ch\/wp-content\/uploads\/2026\/01\/zurich-street-533x800.webp\" class=\"attachment-large size-large\" alt=\"Street scene in Z\u00fcrich, representing connection and approachability for Space 42\" srcset=\"https:\/\/space42.ch\/wp-content\/uploads\/2026\/01\/zurich-street-533x800.webp 533w, https:\/\/space42.ch\/wp-content\/uploads\/2026\/01\/zurich-street-267x400.webp 267w, https:\/\/space42.ch\/wp-content\/uploads\/2026\/01\/zurich-street-768x1152.webp 768w, https:\/\/space42.ch\/wp-content\/uploads\/2026\/01\/zurich-street-600x900.webp 600w, https:\/\/space42.ch\/wp-content\/uploads\/2026\/01\/zurich-street.webp 800w\" sizes=\"auto, (max-width: 533px) 100vw, 533px\" \/>\t\t\t\t\t\t\n\t\t\t\t\t<\/div>\n\t\t\t\t<\/div>\t\t\t\t\n<style>\n#image_1274207586 {\n  width: 100%;\n}\n<\/style>\n\t<\/div>\n\t\n\n\n\t\t<\/div>\n\t\t\t\t\t<\/div>\n\n\t\n\n\t<div id=\"col-1577359152\" class=\"col medium-6 small-12 large-6\"  >\n\t\t\t\t<div class=\"col-inner\"  >\n\t\t\t\n\t\t\t\n\n\t<div id=\"text-3540953234\" class=\"text\">\n\t\t\n\n<p>Partner werden mit Space42<\/p>\n\t\t\n<style>\n#text-3540953234 {\n  color: rgb(255, 255, 255);\n}\n#text-3540953234 > * {\n  color: rgb(255, 255, 255);\n}\n<\/style>\n\t<\/div>\n\t\n\t<div id=\"text-2392190385\" class=\"text\">\n\t\t\n\n<h2>Lassen Sie uns nachhaltigen Wert schaffen<\/h2>\n\t\t\n<style>\n#text-2392190385 {\n  color: rgb(255, 255, 255);\n}\n#text-2392190385 > * {\n  color: rgb(255, 255, 255);\n}\n<\/style>\n\t<\/div>\n\t\n\t<div id=\"text-101999960\" class=\"text\">\n\t\t\n\n<p data-start=\"894\" data-end=\"1129\">Egal, ob Sie eine Organisation oder Bildungseinrichtung vertreten \u2013 Space42 bietet strukturierte Prozesse, Senior-Expertise und messbare Ergebnisse f\u00fcr echten Fortschritt.<\/p>\n\t\t\n<style>\n#text-101999960 {\n  color: rgb(255, 255, 255);\n}\n#text-101999960 > * {\n  color: rgb(255, 255, 255);\n}\n<\/style>\n\t<\/div>\n\t\n<a href=\"https:\/\/space42.ch\/de\/contact\/\" class=\"button primary\" style=\"border-radius:99px;\">\n\t\t<span>Termin vereinbaren<\/span>\n\t<\/a>\n\n\n<a href=\"mailto:swiss@space42.ch\" class=\"button secondary\" style=\"border-radius:99px;\">\n\t\t<span>Kontakt aufnehmen<\/span>\n\t<\/a>\n\n\n\n\t\t<\/div>\n\t\t\t\t\t<\/div>\n\n\t\n\n<\/div>\n\t<div id=\"gap-1622002962\" class=\"gap-element clearfix\" style=\"display:block; height:auto;\">\n\t\t\n<style>\n#gap-1622002962 {\n  padding-top: 96px;\n}\n<\/style>\n\t<\/div>\n\t\n\n\n\t\t<\/div>\n\n\t\t\n<style>\n#section_697318777 {\n  padding-top: 96px;\n  padding-bottom: 96px;\n}\n<\/style>\n\t<\/section>","protected":false},"excerpt":{"rendered":"","protected":false},"author":1,"featured_media":0,"parent":0,"menu_order":0,"comment_status":"closed","ping_status":"closed","template":"page-transparent-header-light.php","meta":{"footnotes":""},"class_list":["post-943","page","type-page","status-publish","hentry"],"_links":{"self":[{"href":"https:\/\/space42.ch\/de\/wp-json\/wp\/v2\/pages\/943","targetHints":{"allow":["GET"]}}],"collection":[{"href":"https:\/\/space42.ch\/de\/wp-json\/wp\/v2\/pages"}],"about":[{"href":"https:\/\/space42.ch\/de\/wp-json\/wp\/v2\/types\/page"}],"author":[{"embeddable":true,"href":"https:\/\/space42.ch\/de\/wp-json\/wp\/v2\/users\/1"}],"replies":[{"embeddable":true,"href":"https:\/\/space42.ch\/de\/wp-json\/wp\/v2\/comments?post=943"}],"version-history":[{"count":10,"href":"https:\/\/space42.ch\/de\/wp-json\/wp\/v2\/pages\/943\/revisions"}],"predecessor-version":[{"id":1035,"href":"https:\/\/space42.ch\/de\/wp-json\/wp\/v2\/pages\/943\/revisions\/1035"}],"wp:attachment":[{"href":"https:\/\/space42.ch\/de\/wp-json\/wp\/v2\/media?parent=943"}],"curies":[{"name":"wp","href":"https:\/\/api.w.org\/{rel}","templated":true}]}}