{"id":936,"date":"2026-01-16T07:45:03","date_gmt":"2026-01-16T07:45:03","guid":{"rendered":"https:\/\/space42.ch\/?page_id=936"},"modified":"2026-02-09T13:20:56","modified_gmt":"2026-02-09T13:20:56","slug":"why-space42","status":"publish","type":"page","link":"https:\/\/space42.ch\/de\/why-space42\/","title":{"rendered":"Warum Space42"},"content":{"rendered":"<section class=\"section is-full-height\" id=\"section_190192418\">\n\t\t<div class=\"section-bg fill\" >\n\t\t\t<img loading=\"lazy\" decoding=\"async\" width=\"2560\" height=\"1664\" src=\"https:\/\/space42.ch\/wp-content\/uploads\/2025\/12\/rutnat.png\" class=\"bg attachment-original size-original\" alt=\"\" \/>\t\t\t\t\t\t\n\t\t\t\n\n\t\t<\/div>\n\n\t\t\n\n\t\t<div class=\"section-content relative\">\n\t\t\t\n\n<div class=\"row row-large\" style=\"max-width:80%\" id=\"row-559466912\">\n\n\n\t<div id=\"col-1379124231\" class=\"col medium-8 small-12 large-8\"  >\n\t\t\t\t<div class=\"col-inner\"  >\n\t\t\t\n\t\t\t\n\n\t<div id=\"text-1848851255\" class=\"text\">\n\t\t\n\n<p>Warum Space42<\/p>\n\t\t\n<style>\n#text-1848851255 {\n  color: rgb(255, 255, 255);\n}\n#text-1848851255 > * {\n  color: rgb(255, 255, 255);\n}\n<\/style>\n\t<\/div>\n\t\n\t<div id=\"text-2814359216\" class=\"text\">\n\t\t\n\n<h1>Auf Erfahrung gebaut. Auf langfristige Wirkung fokussiert.<\/h1>\n\t\t\n<style>\n#text-2814359216 {\n  color: rgb(255, 255, 255);\n}\n#text-2814359216 > * {\n  color: rgb(255, 255, 255);\n}\n<\/style>\n\t<\/div>\n\t\n\t<div id=\"text-434681068\" class=\"text\">\n\t\t\n\n<h3>Space42 wurde mit der \u00dcberzeugung gegr\u00fcndet, dass echter Fortschritt entsteht, wenn Erfahrung, Struktur und Umsetzung zusammenkommen. Wir existieren, um Senior-Expertise aus der Industrie dorthin zu bringen, wo sie am meisten z\u00e4hlt \u2013 in der Bildung und in komplexen organisatorischen Umgebungen.<\/h3>\n\t\t\n<style>\n#text-434681068 {\n  color: rgb(255, 255, 255);\n}\n#text-434681068 > * {\n  color: rgb(255, 255, 255);\n}\n<\/style>\n\t<\/div>\n\t\n\n\t\t<\/div>\n\t\t\t\t\t<\/div>\n\n\t\n\n\n<style>\n#row-559466912 > .col > .col-inner {\n  padding: 0px 0px 0px 0px;\n}\n<\/style>\n<\/div>\n\n\t\t<\/div>\n\n\t\t\n<style>\n#section_190192418 {\n  padding-top: 96px;\n  padding-bottom: 96px;\n  min-height: 100vh;\n}\n<\/style>\n\t<\/section>\n\t\n\n\t<section class=\"section\" id=\"section_629822608\">\n\t\t<div class=\"section-bg fill\" >\n\t\t\t\t\t\t\t\t\t\n\t\t\t\n\n\t\t<\/div>\n\n\t\t\n\n\t\t<div class=\"section-content relative\">\n\t\t\t\n\n<div class=\"row row-large\" style=\"max-width:80%\" id=\"row-278117629\">\n\n\n\t<div id=\"col-2056294419\" class=\"col medium-6 small-12 large-6\"  >\n\t\t\t\t<div class=\"col-inner\"  >\n\t\t\t\n\t\t\t\n\n\t<div class=\"img has-hover x md-x lg-x y md-y lg-y\" id=\"image_941108631\">\n\t\t\t\t<div data-parallax-fade=\"true\" data-parallax=\"2\">\t\t\t\t<div class=\"img-inner image-cover dark\" style=\"padding-top:75%;\">\n\t\t\t<img loading=\"lazy\" decoding=\"async\" width=\"560\" height=\"800\" src=\"https:\/\/space42.ch\/wp-content\/uploads\/2026\/01\/senior-expertise-coding-desk-560x800.webp\" class=\"attachment-large size-large\" alt=\"Close-up of a senior professional\u2019s desk with a computer screen showing code, illustrating real-world technical expertise and senior consulting experience\" srcset=\"https:\/\/space42.ch\/wp-content\/uploads\/2026\/01\/senior-expertise-coding-desk-560x800.webp 560w, https:\/\/space42.ch\/wp-content\/uploads\/2026\/01\/senior-expertise-coding-desk-280x400.webp 280w, https:\/\/space42.ch\/wp-content\/uploads\/2026\/01\/senior-expertise-coding-desk-768x1097.webp 768w, https:\/\/space42.ch\/wp-content\/uploads\/2026\/01\/senior-expertise-coding-desk-600x857.webp 600w, https:\/\/space42.ch\/wp-content\/uploads\/2026\/01\/senior-expertise-coding-desk.webp 840w\" sizes=\"auto, (max-width: 560px) 100vw, 560px\" \/>\t\t\t\t\t\t\n\t\t\t\t\t<\/div>\n\t\t\t\t<\/div>\t\t\t\t\n<style>\n#image_941108631 {\n  width: 100%;\n}\n<\/style>\n\t<\/div>\n\t\n\n\n\t\t<\/div>\n\t\t\t\t\n<style>\n#col-2056294419 > .col-inner {\n  padding: 0px 0px 0px 0px;\n}\n<\/style>\n\t<\/div>\n\n\t\n\n\t<div id=\"col-1273927399\" class=\"col medium-6 small-12 large-6\"  >\n\t\t\t\t<div class=\"col-inner\"  >\n\t\t\t\n\t\t\t\n\n\t<div id=\"text-1217170413\" class=\"text\">\n\t\t\n\n<p>Unser Prinzip<\/p>\n\t\t\n<style>\n#text-1217170413 {\n  color: rgb(255, 255, 255);\n}\n#text-1217170413 > * {\n  color: rgb(255, 255, 255);\n}\n<\/style>\n\t<\/div>\n\t\n\t<div id=\"text-2599768307\" class=\"text\">\n\t\t\n\n<h2>Nur Senior-Expertise<\/h2>\n\t\t\n<style>\n#text-2599768307 {\n  color: rgb(255, 255, 255);\n}\n#text-2599768307 > * {\n  color: rgb(255, 255, 255);\n}\n<\/style>\n\t<\/div>\n\t\n\t<div id=\"text-90543299\" class=\"text\">\n\t\t\n\n<p data-start=\"865\" data-end=\"1090\">Wir arbeiten ausschlie\u00dflich mit Senior-Expert:innen, die Systeme in realen Umgebungen entworfen, entwickelt und umgesetzt haben. So gew\u00e4hrleisten wir Glaubw\u00fcrdigkeit, Verantwortlichkeit und fundierte Entscheidungen \u2013 von Anfang an.<\/p>\n\t\t\n<style>\n#text-90543299 {\n  color: rgb(255, 255, 255);\n}\n#text-90543299 > * {\n  color: rgb(255, 255, 255);\n}\n<\/style>\n\t<\/div>\n\t\n\n\t\t<\/div>\n\t\t\t\t\t<\/div>\n\n\t\n\n<\/div>\n\n\t\t<\/div>\n\n\t\t\n<style>\n#section_629822608 {\n  padding-top: 96px;\n  padding-bottom: 96px;\n}\n<\/style>\n\t<\/section>\n\t\n\n\t<section class=\"section\" id=\"section_279681381\">\n\t\t<div class=\"section-bg fill\" >\n\t\t\t<img loading=\"lazy\" decoding=\"async\" width=\"2560\" height=\"1664\" src=\"https:\/\/space42.ch\/wp-content\/uploads\/2025\/12\/rutnat.png\" class=\"bg attachment-original size-original\" alt=\"\" \/>\t\t\t\t\t\t\n\t\t\t\n\n\t\t<\/div>\n\n\t\t\n\n\t\t<div class=\"section-content relative\">\n\t\t\t\n\n<div class=\"row row-large\" style=\"max-width:80%\" id=\"row-1627334336\">\n\n\n\t<div id=\"col-1359101821\" class=\"col medium-6 small-12 large-6\"  >\n\t\t\t\t<div class=\"col-inner\"  >\n\t\t\t\n\t\t\t\n\n\t<div id=\"text-3131989242\" class=\"text\">\n\t\t\n\n<p>Unser Ansatz<\/p>\n\t\t\n<style>\n#text-3131989242 {\n  color: rgb(255, 255, 255);\n}\n#text-3131989242 > * {\n  color: rgb(255, 255, 255);\n}\n<\/style>\n\t<\/div>\n\t\n\t<div id=\"text-2110277821\" class=\"text\">\n\t\t\n\n<h2>Qualit\u00e4t statt Quantit\u00e4t<\/h2>\n\t\t\n<style>\n#text-2110277821 {\n  color: rgb(255, 255, 255);\n}\n#text-2110277821 > * {\n  color: rgb(255, 255, 255);\n}\n<\/style>\n\t<\/div>\n\t\n\t<div id=\"text-3673029845\" class=\"text\">\n\t\t\n\n<p>Space42 strebt nicht nach Wachstum um des Wachstums willen. Jedes Engagement wird sorgf\u00e4ltig ausgew\u00e4hlt, strukturiert und von bew\u00e4hrten Expert:innen geleitet. Wir setzen auf Tiefe, Pr\u00e4zision und langfristigen Mehrwert statt auf kurzfristige Ergebnisse.<\/p>\n\t\t\n<style>\n#text-3673029845 {\n  color: rgb(255, 255, 255);\n}\n#text-3673029845 > * {\n  color: rgb(255, 255, 255);\n}\n<\/style>\n\t<\/div>\n\t\n\n\t\t<\/div>\n\t\t\t\t\t<\/div>\n\n\t\n\n\t<div id=\"col-1001129217\" class=\"col medium-6 small-12 large-6 small-col-first\"  >\n\t\t\t\t<div class=\"col-inner\"  >\n\t\t\t\n\t\t\t\n\n\t<div class=\"img has-hover x md-x lg-x y md-y lg-y\" id=\"image_381274396\">\n\t\t\t\t<div data-parallax-fade=\"true\" data-parallax=\"2\">\t\t\t\t<div class=\"img-inner image-cover dark\" style=\"padding-top:75%;\">\n\t\t\t<img loading=\"lazy\" decoding=\"async\" width=\"661\" height=\"800\" src=\"https:\/\/space42.ch\/wp-content\/uploads\/2026\/01\/focused-eye-senior-expertise-661x800.webp\" class=\"attachment-large size-large\" alt=\"Close-up of a focused eye, symbolizing precision, attention to detail, and a quality-driven approach to expert-led engagements\" srcset=\"https:\/\/space42.ch\/wp-content\/uploads\/2026\/01\/focused-eye-senior-expertise-661x800.webp 661w, https:\/\/space42.ch\/wp-content\/uploads\/2026\/01\/focused-eye-senior-expertise-331x400.webp 331w, https:\/\/space42.ch\/wp-content\/uploads\/2026\/01\/focused-eye-senior-expertise-768x929.webp 768w, https:\/\/space42.ch\/wp-content\/uploads\/2026\/01\/focused-eye-senior-expertise-600x726.webp 600w, https:\/\/space42.ch\/wp-content\/uploads\/2026\/01\/focused-eye-senior-expertise.webp 992w\" sizes=\"auto, (max-width: 661px) 100vw, 661px\" \/>\t\t\t\t\t\t\n\t\t\t\t\t<\/div>\n\t\t\t\t<\/div>\t\t\t\t\n<style>\n#image_381274396 {\n  width: 100%;\n}\n<\/style>\n\t<\/div>\n\t\n\n\n\t\t<\/div>\n\t\t\t\t\n<style>\n#col-1001129217 > .col-inner {\n  padding: 0px 0px 0px 0px;\n}\n<\/style>\n\t<\/div>\n\n\t\n\n<\/div>\n\n\t\t<\/div>\n\n\t\t\n<style>\n#section_279681381 {\n  padding-top: 96px;\n  padding-bottom: 96px;\n}\n<\/style>\n\t<\/section>\n\t\n\n\t<section class=\"section\" id=\"section_1202247844\">\n\t\t<div class=\"section-bg fill\" >\n\t\t\t\t\t\t\t\t\t\n\t\t\t\n\n\t\t<\/div>\n\n\t\t\n\n\t\t<div class=\"section-content relative\">\n\t\t\t\n\n<div class=\"row row-large\" style=\"max-width:80%\" id=\"row-1696617279\">\n\n\n\t<div id=\"col-2061132560\" class=\"col medium-6 small-12 large-6\"  >\n\t\t\t\t<div class=\"col-inner\"  >\n\t\t\t\n\t\t\t\n\n\t<div class=\"img has-hover x md-x lg-x y md-y lg-y\" id=\"image_565277628\">\n\t\t\t\t<div data-parallax-fade=\"true\" data-parallax=\"2\">\t\t\t\t<div class=\"img-inner image-cover dark\" style=\"padding-top:75%;\">\n\t\t\t<img loading=\"lazy\" decoding=\"async\" width=\"1020\" height=\"768\" src=\"https:\/\/space42.ch\/wp-content\/uploads\/2026\/01\/professional-handshake-trust-1062x800.webp\" class=\"attachment-large size-large\" alt=\"Professional handshake symbolizing trust, clear responsibility, and careful matching in expert-led engagements\" srcset=\"https:\/\/space42.ch\/wp-content\/uploads\/2026\/01\/professional-handshake-trust-1062x800.webp 1062w, https:\/\/space42.ch\/wp-content\/uploads\/2026\/01\/professional-handshake-trust-531x400.webp 531w, https:\/\/space42.ch\/wp-content\/uploads\/2026\/01\/professional-handshake-trust-768x579.webp 768w, https:\/\/space42.ch\/wp-content\/uploads\/2026\/01\/professional-handshake-trust-600x452.webp 600w, https:\/\/space42.ch\/wp-content\/uploads\/2026\/01\/professional-handshake-trust.webp 1200w\" sizes=\"auto, (max-width: 1020px) 100vw, 1020px\" \/>\t\t\t\t\t\t\n\t\t\t\t\t<\/div>\n\t\t\t\t<\/div>\t\t\t\t\n<style>\n#image_565277628 {\n  width: 100%;\n}\n<\/style>\n\t<\/div>\n\t\n\n\n\t\t<\/div>\n\t\t\t\t\t<\/div>\n\n\t\n\n\t<div id=\"col-781749260\" class=\"col medium-6 small-12 large-6\"  >\n\t\t\t\t<div class=\"col-inner\"  >\n\t\t\t\n\t\t\t\n\n\t<div id=\"text-1730322406\" class=\"text\">\n\t\t\n\n<p>Wie wir Wert schaffen<\/p>\n\t\t\n<style>\n#text-1730322406 {\n  color: rgb(255, 255, 255);\n}\n#text-1730322406 > * {\n  color: rgb(255, 255, 255);\n}\n<\/style>\n\t<\/div>\n\t\n\t<div id=\"text-941360283\" class=\"text\">\n\t\t\n\n<h2>Sorgf\u00e4ltiges Matching und klare Verantwortung<\/h2>\n\t\t\n<style>\n#text-941360283 {\n  color: rgb(255, 255, 255);\n}\n#text-941360283 > * {\n  color: rgb(255, 255, 255);\n}\n<\/style>\n\t<\/div>\n\t\n\t<div id=\"text-3277602353\" class=\"text\">\n\t\t\n\n<p>Fortschritt h\u00e4ngt davon ab, die richtige Expertise im richtigen Kontext einzusetzen. Wir investieren Zeit, um Ziele, Rahmenbedingungen und Umgebungen zu verstehen, bevor wir aktiv werden. Verantwortung ist klar, Kommunikation direkt und Ergebnisse messbar.<\/p>\n\t\t\n<style>\n#text-3277602353 {\n  color: rgb(255, 255, 255);\n}\n#text-3277602353 > * {\n  color: rgb(255, 255, 255);\n}\n<\/style>\n\t<\/div>\n\t\n\n\t\t<\/div>\n\t\t\t\t\t<\/div>\n\n\t\n\n<\/div>\n\n\t\t<\/div>\n\n\t\t\n<style>\n#section_1202247844 {\n  padding-top: 96px;\n  padding-bottom: 96px;\n}\n<\/style>\n\t<\/section>\n\t\n\n\t<section class=\"section\" id=\"section_1593779980\">\n\t\t<div class=\"section-bg fill\" >\n\t\t\t<img loading=\"lazy\" decoding=\"async\" width=\"2560\" height=\"1664\" src=\"https:\/\/space42.ch\/wp-content\/uploads\/2025\/12\/rutnat.png\" class=\"bg attachment-original size-original\" alt=\"\" \/>\t\t\t\t\t\t\n\t\t\t\n\n\t\t<\/div>\n\n\t\t\n\n\t\t<div class=\"section-content relative\">\n\t\t\t\n\n<div class=\"row row-large\" style=\"max-width:80%\" id=\"row-256270978\">\n\n\n\t<div id=\"col-1302767509\" class=\"col medium-6 small-12 large-6\"  >\n\t\t\t\t<div class=\"col-inner\"  >\n\t\t\t\n\t\t\t\n\n\t<div id=\"text-3696627031\" class=\"text\">\n\t\t\n\n<p>In der Praxis<\/p>\n\t\t\n<style>\n#text-3696627031 {\n  color: rgb(255, 255, 255);\n}\n#text-3696627031 > * {\n  color: rgb(255, 255, 255);\n}\n<\/style>\n\t<\/div>\n\t\n\t<div id=\"text-1054771308\" class=\"text\">\n\t\t\n\n<h2>Trusted collaboration, lasting results<\/h2>\n\t\t\n<style>\n#text-1054771308 {\n  color: rgb(255, 255, 255);\n}\n#text-1054771308 > * {\n  color: rgb(255, 255, 255);\n}\n<\/style>\n\t<\/div>\n\t\n\t<div id=\"text-2500857297\" class=\"text\">\n\t\t\n\n<p>Die Zusammenarbeit mit Space42 bedeutet Zugang zu Senior-Expertise, strukturierter Umsetzung und Partnern, die Verantwortung f\u00fcr Ergebnisse \u00fcbernehmen \u2013 im Unterricht und in kritischen Projekten.<\/p>\n\t\t\n<style>\n#text-2500857297 {\n  color: rgb(255, 255, 255);\n}\n#text-2500857297 > * {\n  color: rgb(255, 255, 255);\n}\n<\/style>\n\t<\/div>\n\t\n\n\t\t<\/div>\n\t\t\t\t\t<\/div>\n\n\t\n\n\t<div id=\"col-1911368483\" class=\"col medium-6 small-12 large-6 small-col-first\"  >\n\t\t\t\t<div class=\"col-inner\"  >\n\t\t\t\n\t\t\t\n\n\t<div class=\"img has-hover x md-x lg-x y md-y lg-y\" id=\"image_787079078\">\n\t\t\t\t<div data-parallax-fade=\"true\" data-parallax=\"2\">\t\t\t\t<div class=\"img-inner image-cover dark\" style=\"padding-top:75%;\">\n\t\t\t<img loading=\"lazy\" decoding=\"async\" width=\"800\" height=\"800\" src=\"https:\/\/space42.ch\/wp-content\/uploads\/2026\/01\/trusted-collaboration-senior-experts-800x800.webp\" class=\"attachment-large size-large\" alt=\"Two professionals working closely together, representing trusted collaboration and lasting results through senior expertise\" srcset=\"https:\/\/space42.ch\/wp-content\/uploads\/2026\/01\/trusted-collaboration-senior-experts-800x800.webp 800w, https:\/\/space42.ch\/wp-content\/uploads\/2026\/01\/trusted-collaboration-senior-experts-400x400.webp 400w, https:\/\/space42.ch\/wp-content\/uploads\/2026\/01\/trusted-collaboration-senior-experts-280x280.webp 280w, https:\/\/space42.ch\/wp-content\/uploads\/2026\/01\/trusted-collaboration-senior-experts-768x768.webp 768w, https:\/\/space42.ch\/wp-content\/uploads\/2026\/01\/trusted-collaboration-senior-experts-300x300.webp 300w, https:\/\/space42.ch\/wp-content\/uploads\/2026\/01\/trusted-collaboration-senior-experts-600x600.webp 600w, https:\/\/space42.ch\/wp-content\/uploads\/2026\/01\/trusted-collaboration-senior-experts-100x100.webp 100w, https:\/\/space42.ch\/wp-content\/uploads\/2026\/01\/trusted-collaboration-senior-experts.webp 1200w\" sizes=\"auto, (max-width: 800px) 100vw, 800px\" \/>\t\t\t\t\t\t\n\t\t\t\t\t<\/div>\n\t\t\t\t<\/div>\t\t\t\t\n<style>\n#image_787079078 {\n  width: 100%;\n}\n<\/style>\n\t<\/div>\n\t\n\n\n\t\t<\/div>\n\t\t\t\t\t<\/div>\n\n\t\n\n<\/div>\n\n\t\t<\/div>\n\n\t\t\n<style>\n#section_1593779980 {\n  padding-top: 96px;\n  padding-bottom: 96px;\n}\n<\/style>\n\t<\/section>\n\t\n\n\t<section class=\"section\" id=\"section_1599216565\">\n\t\t<div class=\"section-bg fill\" >\n\t\t\t<img loading=\"lazy\" decoding=\"async\" width=\"2560\" height=\"1664\" src=\"https:\/\/space42.ch\/wp-content\/uploads\/2025\/12\/rutnat.png\" class=\"bg attachment-original size-original\" alt=\"\" \/>\t\t\t\t\t\t\n\t\t\t\n\n\t\t<\/div>\n\n\t\t\n\n\t\t<div class=\"section-content relative\">\n\t\t\t\n\n<div class=\"row row-large\" style=\"max-width:80%\" id=\"row-953036825\">\n\n\n\t<div id=\"col-1051308194\" class=\"col medium-6 small-12 large-6 small-col-first\"  >\n\t\t\t\t<div class=\"col-inner\"  >\n\t\t\t\n\t\t\t\n\n\t<div class=\"img has-hover x md-x lg-x y md-y lg-y\" id=\"image_1305389995\">\n\t\t\t\t<div data-parallax-fade=\"true\" data-parallax=\"2\">\t\t\t\t<div class=\"img-inner image-cover dark\" style=\"padding-top:75%;\">\n\t\t\t<img loading=\"lazy\" decoding=\"async\" width=\"533\" height=\"800\" src=\"https:\/\/space42.ch\/wp-content\/uploads\/2026\/01\/zurich-street-533x800.webp\" class=\"attachment-large size-large\" alt=\"Street scene in Z\u00fcrich, representing connection and approachability for Space 42\" srcset=\"https:\/\/space42.ch\/wp-content\/uploads\/2026\/01\/zurich-street-533x800.webp 533w, https:\/\/space42.ch\/wp-content\/uploads\/2026\/01\/zurich-street-267x400.webp 267w, https:\/\/space42.ch\/wp-content\/uploads\/2026\/01\/zurich-street-768x1152.webp 768w, https:\/\/space42.ch\/wp-content\/uploads\/2026\/01\/zurich-street-600x900.webp 600w, https:\/\/space42.ch\/wp-content\/uploads\/2026\/01\/zurich-street.webp 800w\" sizes=\"auto, (max-width: 533px) 100vw, 533px\" \/>\t\t\t\t\t\t\n\t\t\t\t\t<\/div>\n\t\t\t\t<\/div>\t\t\t\t\n<style>\n#image_1305389995 {\n  width: 100%;\n}\n<\/style>\n\t<\/div>\n\t\n\n\n\t\t<\/div>\n\t\t\t\t\t<\/div>\n\n\t\n\n\t<div id=\"col-1699053311\" class=\"col medium-6 small-12 large-6\"  >\n\t\t\t\t<div class=\"col-inner\"  >\n\t\t\t\n\t\t\t\n\n\t<div id=\"text-3912406451\" class=\"text\">\n\t\t\n\n<p>Kontakt aufnehme<\/p>\n\t\t\n<style>\n#text-3912406451 {\n  color: rgb(255, 255, 255);\n}\n#text-3912406451 > * {\n  color: rgb(255, 255, 255);\n}\n<\/style>\n\t<\/div>\n\t\n\t<div id=\"text-3360459004\" class=\"text\">\n\t\t\n\n<h2>Lassen Sie uns etwas Sinnvolles schaffen<\/h2>\n\t\t\n<style>\n#text-3360459004 {\n  color: rgb(255, 255, 255);\n}\n#text-3360459004 > * {\n  color: rgb(255, 255, 255);\n}\n<\/style>\n\t<\/div>\n\t\n\t<div id=\"text-2933754436\" class=\"text\">\n\t\t\n\n<p data-start=\"894\" data-end=\"1129\">Egal, ob Sie eine Bildungseinrichtung vertreten oder eine Organisation mit komplexen Herausforderungen \u2013 Space42 ist ein Partner, der auf Vertrauen, Expertise und langfristigem Denken basiert.<\/p>\n\t\t\n<style>\n#text-2933754436 {\n  color: rgb(255, 255, 255);\n}\n#text-2933754436 > * {\n  color: rgb(255, 255, 255);\n}\n<\/style>\n\t<\/div>\n\t\n<a href=\"https:\/\/space42.ch\/de\/contact\/\" class=\"button primary\" style=\"border-radius:99px;\">\n\t\t<span>Termin vereinbaren<\/span>\n\t<\/a>\n\n\n<a href=\"mailto:swiss@space42.ch\" class=\"button secondary\" style=\"border-radius:99px;\">\n\t\t<span>Kontakt aufnehmen<\/span>\n\t<\/a>\n\n\n\n\t\t<\/div>\n\t\t\t\t\t<\/div>\n\n\t\n\n<\/div>\n\t<div id=\"gap-548915408\" class=\"gap-element clearfix\" style=\"display:block; height:auto;\">\n\t\t\n<style>\n#gap-548915408 {\n  padding-top: 96px;\n}\n<\/style>\n\t<\/div>\n\t\n\n\n\t\t<\/div>\n\n\t\t\n<style>\n#section_1599216565 {\n  padding-top: 96px;\n  padding-bottom: 96px;\n}\n<\/style>\n\t<\/section>","protected":false},"excerpt":{"rendered":"","protected":false},"author":1,"featured_media":0,"parent":0,"menu_order":0,"comment_status":"closed","ping_status":"closed","template":"page-transparent-header-light.php","meta":{"footnotes":""},"class_list":["post-936","page","type-page","status-publish","hentry"],"_links":{"self":[{"href":"https:\/\/space42.ch\/de\/wp-json\/wp\/v2\/pages\/936","targetHints":{"allow":["GET"]}}],"collection":[{"href":"https:\/\/space42.ch\/de\/wp-json\/wp\/v2\/pages"}],"about":[{"href":"https:\/\/space42.ch\/de\/wp-json\/wp\/v2\/types\/page"}],"author":[{"embeddable":true,"href":"https:\/\/space42.ch\/de\/wp-json\/wp\/v2\/users\/1"}],"replies":[{"embeddable":true,"href":"https:\/\/space42.ch\/de\/wp-json\/wp\/v2\/comments?post=936"}],"version-history":[{"count":9,"href":"https:\/\/space42.ch\/de\/wp-json\/wp\/v2\/pages\/936\/revisions"}],"predecessor-version":[{"id":1017,"href":"https:\/\/space42.ch\/de\/wp-json\/wp\/v2\/pages\/936\/revisions\/1017"}],"wp:attachment":[{"href":"https:\/\/space42.ch\/de\/wp-json\/wp\/v2\/media?parent=936"}],"curies":[{"name":"wp","href":"https:\/\/api.w.org\/{rel}","templated":true}]}}