{"id":858,"date":"2026-01-15T12:23:50","date_gmt":"2026-01-15T12:23:50","guid":{"rendered":"https:\/\/space42.ch\/?page_id=858"},"modified":"2026-02-09T13:10:25","modified_gmt":"2026-02-09T13:10:25","slug":"about-us","status":"publish","type":"page","link":"https:\/\/space42.ch\/de\/about-us\/","title":{"rendered":"\u00dcber uns"},"content":{"rendered":"<section class=\"section is-full-height\" id=\"section_1416492800\">\n\t\t<div class=\"section-bg fill\" >\n\t\t\t<img loading=\"lazy\" decoding=\"async\" width=\"2560\" height=\"1664\" src=\"https:\/\/space42.ch\/wp-content\/uploads\/2025\/12\/rutnat.png\" class=\"bg attachment-original size-original\" alt=\"\" \/>\t\t\t\t\t\t\n\t\t\t\n\n\t\t<\/div>\n\n\t\t\n\n\t\t<div class=\"section-content relative\">\n\t\t\t\n\n<div class=\"row row-large\" style=\"max-width:80%\" id=\"row-842116840\">\n\n\n\t<div id=\"col-1377897208\" class=\"col medium-8 small-12 large-8\"  >\n\t\t\t\t<div class=\"col-inner\"  >\n\t\t\t\n\t\t\t\n\n\t<div id=\"text-1586251074\" class=\"text\">\n\t\t\n\n<p>\u00dcber Space42<\/p>\n\t\t\n<style>\n#text-1586251074 {\n  color: rgb(255, 255, 255);\n}\n#text-1586251074 > * {\n  color: rgb(255, 255, 255);\n}\n<\/style>\n\t<\/div>\n\t\n\t<div id=\"text-1765648301\" class=\"text\">\n\t\t\n\n<h1>Engineering progress <br \/>durch Erfahrung<\/h1>\n\t\t\n<style>\n#text-1765648301 {\n  color: rgb(255, 255, 255);\n}\n#text-1765648301 > * {\n  color: rgb(255, 255, 255);\n}\n<\/style>\n\t<\/div>\n\t\n\t<div id=\"text-2049706498\" class=\"text\">\n\t\t\n\n<h3>Space42 ist ein in Z\u00fcrich ans\u00e4ssiger Beratungs- und Bildungspartner, der auf einem einfachen Prinzip aufbaut: Bedeutender Fortschritt entsteht, wenn erfahrene Menschen und Technologie zusammenwirken.<\/h3>\n\t\t\n<style>\n#text-2049706498 {\n  color: rgb(255, 255, 255);\n}\n#text-2049706498 > * {\n  color: rgb(255, 255, 255);\n}\n<\/style>\n\t<\/div>\n\t\n\n\t\t<\/div>\n\t\t\t\t\t<\/div>\n\n\t\n\n<\/div>\n\n\t\t<\/div>\n\n\t\t\n<style>\n#section_1416492800 {\n  padding-top: 30px;\n  padding-bottom: 30px;\n  min-height: 100vh;\n}\n<\/style>\n\t<\/section>\n\t\n\n\t<section class=\"section\" id=\"section_1734022609\">\n\t\t<div class=\"section-bg fill\" >\n\t\t\t\t\t\t\t\t\t\n\t\t\t\n\n\t\t<\/div>\n\n\t\t\n\n\t\t<div class=\"section-content relative\">\n\t\t\t\n\n<div class=\"row row-large\" style=\"max-width:80%\" id=\"row-1357743593\">\n\n\n\t<div id=\"col-1015440287\" class=\"col medium-6 small-12 large-6\"  >\n\t\t\t\t<div class=\"col-inner\"  >\n\t\t\t\n\t\t\t\n\n\t<div id=\"text-2931439806\" class=\"text\">\n\t\t\n\n<p>Unsere Mission<\/p>\n\t\t\n<style>\n#text-2931439806 {\n  color: rgb(0, 204, 150);\n}\n#text-2931439806 > * {\n  color: rgb(0, 204, 150);\n}\n<\/style>\n\t<\/div>\n\t\n\t<div id=\"text-2885586035\" class=\"text\">\n\t\t\n\n<p>Wir unterst\u00fctzen Organisationen und Bildungseinrichtungen dabei, Ver\u00e4nderungen zu meistern, Kompetenzen zu st\u00e4rken und Systeme zu schaffen, die Bestand haben. Unsere Arbeit umfasst Engineering, Technologie und Bildung \u2013 stets auf praktischer Expertise, langfristigem Denken und realer Anwendung basierend.<\/p>\n\t\t\n<style>\n#text-2885586035 {\n  color: rgb(255, 255, 255);\n}\n#text-2885586035 > * {\n  color: rgb(255, 255, 255);\n}\n<\/style>\n\t<\/div>\n\t\n\n\t\t<\/div>\n\t\t\t\t\t<\/div>\n\n\t\n\n\t<div id=\"col-401373008\" class=\"col medium-6 small-12 large-6\"  >\n\t\t\t\t<div class=\"col-inner\"  >\n\t\t\t\n\t\t\t\n\n\t<div id=\"text-65612227\" class=\"text\">\n\t\t\n\n<p>En naturlig tysk \u00f6vers\u00e4ttning blir:\nUnsere Reichweite<\/p>\n\t\t\n<style>\n#text-65612227 {\n  color: rgb(0, 204, 150);\n}\n#text-65612227 > * {\n  color: rgb(0, 204, 150);\n}\n<\/style>\n\t<\/div>\n\t\n\t<div id=\"text-1062123315\" class=\"text\">\n\t\t\n\n<p>Mit Sitz in der Schweiz und t\u00e4tig im privaten sowie \u00f6ffentlichen Sektor bringt Space42 Senior-Berater:innen, Ingenieur:innen und P\u00e4dagog:innen aus der Schweiz, Deutschland und \u00d6sterreich zusammen. Durch die Vernetzung von Menschen, Systemen und Wissen tragen wir dazu bei, nachhaltige Wirkung zu erzielen \u2013 in Organisationen und dar\u00fcber hinaus.<\/p>\n\t\t\n<style>\n#text-1062123315 {\n  color: rgb(255, 255, 255);\n}\n#text-1062123315 > * {\n  color: rgb(255, 255, 255);\n}\n<\/style>\n\t<\/div>\n\t\n\n\t\t<\/div>\n\t\t\t\t\t<\/div>\n\n\t\n\n<\/div>\n\n\t\t<\/div>\n\n\t\t\n<style>\n#section_1734022609 {\n  padding-top: 96px;\n  padding-bottom: 96px;\n}\n<\/style>\n\t<\/section>\n\t\n\n\t<section class=\"section\" id=\"section_1641417599\">\n\t\t<div class=\"section-bg fill\" >\n\t\t\t\t\t\t\t<div class=\"video-overlay no-click fill visible\"><\/div>\n\t<video class=\"video-bg fill visible\" preload playsinline autoplay muted loop>\n\t\t<source src=\"https:\/\/space42.ch\/wp-content\/uploads\/2026\/01\/zurich-drone-dach-region.mp4\" type=\"video\/mp4\">\t<\/video>\n\t\t\t<div class=\"section-bg-overlay absolute fill\"><\/div>\n\t\t\t\n\n\t\t<\/div>\n\n\t\t\n\n\t\t<div class=\"section-content relative\">\n\t\t\t\n\n<div class=\"row row-large\" style=\"max-width:80%\" id=\"row-1405683190\">\n\n\n\t<div id=\"col-1511956533\" class=\"col medium-6 small-12 large-6\"  >\n\t\t\t\t<div class=\"col-inner\"  >\n\t\t\t\n\t\t\t\n\n\t<div id=\"text-1562058026\" class=\"text\">\n\t\t\n\n<p>In der DACH-Region aktiv<\/p>\n\t\t\n<style>\n#text-1562058026 {\n  color: rgb(255, 255, 255);\n}\n#text-1562058026 > * {\n  color: rgb(255, 255, 255);\n}\n<\/style>\n\t<\/div>\n\t\n\t<div id=\"text-508519689\" class=\"text\">\n\t\t\n\n<h2>Wir sind in Deutschland, \u00d6sterreich und der Schweiz t\u00e4tig, mit unserem Hauptsitz in der Schweiz.<\/h2>\n\t\t\n<style>\n#text-508519689 {\n  color: rgb(255, 255, 255);\n}\n#text-508519689 > * {\n  color: rgb(255, 255, 255);\n}\n<\/style>\n\t<\/div>\n\t\n\n\t\t<\/div>\n\t\t\t\t\t<\/div>\n\n\t\n\n<\/div>\n\n\t\t<\/div>\n\n\t\t\n<style>\n#section_1641417599 {\n  padding-top: 96px;\n  padding-bottom: 96px;\n}\n#section_1641417599 .section-bg-overlay {\n  background-color: rgba(0, 0, 0, 0.6);\n}\n<\/style>\n\t<\/section>","protected":false},"excerpt":{"rendered":"","protected":false},"author":1,"featured_media":0,"parent":0,"menu_order":0,"comment_status":"closed","ping_status":"closed","template":"page-transparent-header-light.php","meta":{"footnotes":""},"class_list":["post-858","page","type-page","status-publish","hentry"],"_links":{"self":[{"href":"https:\/\/space42.ch\/de\/wp-json\/wp\/v2\/pages\/858","targetHints":{"allow":["GET"]}}],"collection":[{"href":"https:\/\/space42.ch\/de\/wp-json\/wp\/v2\/pages"}],"about":[{"href":"https:\/\/space42.ch\/de\/wp-json\/wp\/v2\/types\/page"}],"author":[{"embeddable":true,"href":"https:\/\/space42.ch\/de\/wp-json\/wp\/v2\/users\/1"}],"replies":[{"embeddable":true,"href":"https:\/\/space42.ch\/de\/wp-json\/wp\/v2\/comments?post=858"}],"version-history":[{"count":24,"href":"https:\/\/space42.ch\/de\/wp-json\/wp\/v2\/pages\/858\/revisions"}],"predecessor-version":[{"id":1037,"href":"https:\/\/space42.ch\/de\/wp-json\/wp\/v2\/pages\/858\/revisions\/1037"}],"wp:attachment":[{"href":"https:\/\/space42.ch\/de\/wp-json\/wp\/v2\/media?parent=858"}],"curies":[{"name":"wp","href":"https:\/\/api.w.org\/{rel}","templated":true}]}}