{"id":829,"date":"2026-01-15T08:45:06","date_gmt":"2026-01-15T08:45:06","guid":{"rendered":"https:\/\/space42.ch\/?page_id=829"},"modified":"2026-02-09T13:11:19","modified_gmt":"2026-02-09T13:11:19","slug":"consulting","status":"publish","type":"page","link":"https:\/\/space42.ch\/de\/consulting\/","title":{"rendered":"Beratung"},"content":{"rendered":"<section class=\"section is-full-height\" id=\"section_928647213\">\n\t\t<div class=\"section-bg fill\" >\n\t\t\t<img loading=\"lazy\" decoding=\"async\" width=\"2560\" height=\"1664\" src=\"https:\/\/space42.ch\/wp-content\/uploads\/2025\/12\/rutnat.png\" class=\"bg attachment-original size-original\" alt=\"\" \/>\t\t\t\t\t\t\n\t\t\t\n\n\t\t<\/div>\n\n\t\t\n\n\t\t<div class=\"section-content relative\">\n\t\t\t\n\n<div class=\"row row-large\" style=\"max-width:80%\" id=\"row-1038524523\">\n\n\n\t<div id=\"col-2052557706\" class=\"col medium-8 small-12 large-8\"  >\n\t\t\t\t<div class=\"col-inner\"  >\n\t\t\t\n\t\t\t\n\n\t<div id=\"text-903163914\" class=\"text\">\n\t\t\n\n<p>Beratung<\/p>\n\t\t\n<style>\n#text-903163914 {\n  color: rgb(255, 255, 255);\n}\n#text-903163914 > * {\n  color: rgb(255, 255, 255);\n}\n<\/style>\n\t<\/div>\n\t\n\t<div id=\"text-2123051650\" class=\"text\">\n\t\t\n\n<h1>Wenn Erfahrung z\u00e4hlt<\/h1>\n\t\t\n<style>\n#text-2123051650 {\n  color: rgb(255, 255, 255);\n}\n#text-2123051650 > * {\n  color: rgb(255, 255, 255);\n}\n<\/style>\n\t<\/div>\n\t\n\t<div id=\"text-3274529396\" class=\"text\">\n\t\t\n\n<h3>Space42 stellt Organisationen erfahrene Senior-Berater:innen zur Verf\u00fcgung, die in komplexen, technischen und regulierten Umgebungen t\u00e4tig sind.<br data-start=\"637\" data-end=\"640\" \/>Unsere Berater:innen entwerfen, entwickeln und optimieren Systeme mit Blick auf langfristige Wirkung \u2013 nicht auf kurzfristige L\u00f6sungen.<\/h3>\n\t\t\n<style>\n#text-3274529396 {\n  color: rgb(255, 255, 255);\n}\n#text-3274529396 > * {\n  color: rgb(255, 255, 255);\n}\n<\/style>\n\t<\/div>\n\t\n\n\t\t<\/div>\n\t\t\t\t\t<\/div>\n\n\t\n\n\n<style>\n#row-1038524523 > .col > .col-inner {\n  padding: 0px 0px 0px 0px;\n}\n<\/style>\n<\/div>\n\n\t\t<\/div>\n\n\t\t\n<style>\n#section_928647213 {\n  padding-top: 96px;\n  padding-bottom: 96px;\n  min-height: 100vh;\n}\n<\/style>\n\t<\/section>\n\t\n\n\t<section class=\"section\" id=\"section_973555087\">\n\t\t<div class=\"section-bg fill\" >\n\t\t\t\t\t\t\t\t\t\n\t\t\t\n\n\t\t<\/div>\n\n\t\t\n\n\t\t<div class=\"section-content relative\">\n\t\t\t\n\n<div class=\"row row-large\" style=\"max-width:80%\" id=\"row-1367167374\">\n\n\n\t<div id=\"col-1983013433\" class=\"col medium-6 small-12 large-6\"  >\n\t\t\t\t<div class=\"col-inner\"  >\n\t\t\t\n\t\t\t\n\n\t<div class=\"img has-hover x md-x lg-x y md-y lg-y\" id=\"image_69868988\">\n\t\t\t\t<div data-parallax-fade=\"true\" data-parallax=\"2\">\t\t\t\t<div class=\"img-inner image-cover dark\" style=\"padding-top:75%;\">\n\t\t\t<img loading=\"lazy\" decoding=\"async\" width=\"603\" height=\"800\" src=\"https:\/\/space42.ch\/wp-content\/uploads\/2026\/01\/crossing-highways-complexity-603x800.webp\" class=\"attachment-large size-large\" alt=\"Intersecting highways, symbolizing complexity and the need for experienced guidance in organizational and technical challenges\" srcset=\"https:\/\/space42.ch\/wp-content\/uploads\/2026\/01\/crossing-highways-complexity-603x800.webp 603w, https:\/\/space42.ch\/wp-content\/uploads\/2026\/01\/crossing-highways-complexity-301x400.webp 301w, https:\/\/space42.ch\/wp-content\/uploads\/2026\/01\/crossing-highways-complexity-768x1019.webp 768w, https:\/\/space42.ch\/wp-content\/uploads\/2026\/01\/crossing-highways-complexity-600x796.webp 600w, https:\/\/space42.ch\/wp-content\/uploads\/2026\/01\/crossing-highways-complexity.webp 904w\" sizes=\"auto, (max-width: 603px) 100vw, 603px\" \/>\t\t\t\t\t\t\n\t\t\t\t\t<\/div>\n\t\t\t\t<\/div>\t\t\t\t\n<style>\n#image_69868988 {\n  width: 100%;\n}\n<\/style>\n\t<\/div>\n\t\n\n\n\t\t<\/div>\n\t\t\t\t\n<style>\n#col-1983013433 > .col-inner {\n  padding: 0px 0px 0px 0px;\n}\n<\/style>\n\t<\/div>\n\n\t\n\n\t<div id=\"col-1677021009\" class=\"col medium-6 small-12 large-6\"  >\n\t\t\t\t<div class=\"col-inner\"  >\n\t\t\t\n\t\t\t\n\n\t<div id=\"text-1124635719\" class=\"text\">\n\t\t\n\n<p>Die Herausforderung<\/p>\n\t\t\n<style>\n#text-1124635719 {\n  color: rgb(255, 255, 255);\n}\n#text-1124635719 > * {\n  color: rgb(255, 255, 255);\n}\n<\/style>\n\t<\/div>\n\t\n\t<div id=\"text-3902236301\" class=\"text\">\n\t\t\n\n<h2>Komplexit\u00e4t sicher meistern<\/h2>\n\t\t\n<style>\n#text-3902236301 {\n  color: rgb(255, 255, 255);\n}\n#text-3902236301 > * {\n  color: rgb(255, 255, 255);\n}\n<\/style>\n\t<\/div>\n\t\n\t<div id=\"text-2297466528\" class=\"text\">\n\t\t\n\n<p data-start=\"865\" data-end=\"1090\">Organisationen sehen sich zunehmender technischer Komplexit\u00e4t, regulatorischen Vorgaben und langfristigen Systemabh\u00e4ngigkeiten gegen\u00fcber.<br data-start=\"975\" data-end=\"978\" \/>Viele Initiativen scheitern nicht an fehlenden Werkzeugen, sondern an unzureichender Erfahrung auf Entscheidungsebene.<\/p>\n<p data-start=\"1092\" data-end=\"1173\">Space42 begegnet dem, indem bew\u00e4hrte Expert:innen genau dort eingesetzt werden, wo Erfahrung wirklich z\u00e4hlt.<\/p>\n\t\t\n<style>\n#text-2297466528 {\n  color: rgb(255, 255, 255);\n}\n#text-2297466528 > * {\n  color: rgb(255, 255, 255);\n}\n<\/style>\n\t<\/div>\n\t\n\n\t\t<\/div>\n\t\t\t\t\t<\/div>\n\n\t\n\n<\/div>\n\n\t\t<\/div>\n\n\t\t\n<style>\n#section_973555087 {\n  padding-top: 96px;\n  padding-bottom: 96px;\n}\n<\/style>\n\t<\/section>\n\t\n\n\t<section class=\"section\" id=\"section_524093162\">\n\t\t<div class=\"section-bg fill\" >\n\t\t\t<img loading=\"lazy\" decoding=\"async\" width=\"2560\" height=\"1664\" src=\"https:\/\/space42.ch\/wp-content\/uploads\/2025\/12\/rutnat.png\" class=\"bg attachment-original size-original\" alt=\"\" \/>\t\t\t\t\t\t\n\t\t\t\n\n\t\t<\/div>\n\n\t\t\n\n\t\t<div class=\"section-content relative\">\n\t\t\t\n\n<div class=\"row row-large\" style=\"max-width:80%\" id=\"row-378817990\">\n\n\n\t<div id=\"col-1162320127\" class=\"col medium-6 small-12 large-6\"  >\n\t\t\t\t<div class=\"col-inner\"  >\n\t\t\t\n\t\t\t\n\n\t<div id=\"text-1398655699\" class=\"text\">\n\t\t\n\n<p>Was wir liefern<\/p>\n\t\t\n<style>\n#text-1398655699 {\n  color: rgb(255, 255, 255);\n}\n#text-1398655699 > * {\n  color: rgb(255, 255, 255);\n}\n<\/style>\n\t<\/div>\n\t\n\t<div id=\"text-470851144\" class=\"text\">\n\t\t\n\n<h2>Senior-Expertise f\u00fcr komplexe Umgebungen<\/h2>\n\t\t\n<style>\n#text-470851144 {\n  color: rgb(255, 255, 255);\n}\n#text-470851144 > * {\n  color: rgb(255, 255, 255);\n}\n<\/style>\n\t<\/div>\n\t\n\t<div id=\"text-381447191\" class=\"text\">\n\t\t\n\n<p>Wir arbeiten ausschlie\u00dflich mit erfahrenen Branchenprofis, die tiefgehende technische Expertise mit der F\u00e4higkeit verbinden, klar zu kommunizieren und in strukturierten Umgebungen effektiv zu agieren.<\/p>\n<ul>\n<li data-start=\"1303\" data-end=\"1340\">Senior IT- und Technologieberatung<\/li>\n<li data-start=\"1343\" data-end=\"1391\">Engineering-Expertise und technische F\u00fchrung<\/li>\n<li data-start=\"1394\" data-end=\"1435\">Systemarchitektur und L\u00f6sungsdesign<\/li>\n<li data-start=\"1438\" data-end=\"1487\">Prozessoptimierung und digitale Transformation<\/li>\n<li data-start=\"1490\" data-end=\"1531\">Projektbasierte und langfristige Eins\u00e4tze<\/li>\n<\/ul>\n\t\t\n<style>\n#text-381447191 {\n  color: rgb(255, 255, 255);\n}\n#text-381447191 > * {\n  color: rgb(255, 255, 255);\n}\n<\/style>\n\t<\/div>\n\t\n\n\t\t<\/div>\n\t\t\t\t\t<\/div>\n\n\t\n\n\t<div id=\"col-2048227462\" class=\"col medium-6 small-12 large-6 small-col-first\"  >\n\t\t\t\t<div class=\"col-inner\"  >\n\t\t\t\n\t\t\t\n\n\t<div class=\"img has-hover x md-x lg-x y md-y lg-y\" id=\"image_1374346869\">\n\t\t\t\t<div data-parallax-fade=\"true\" data-parallax=\"2\">\t\t\t\t<div class=\"img-inner image-cover dark\" style=\"padding-top:75%;\">\n\t\t\t<img loading=\"lazy\" decoding=\"async\" width=\"800\" height=\"800\" src=\"https:\/\/space42.ch\/wp-content\/uploads\/2026\/01\/senior-experts-modern-office-800x800.webp\" class=\"attachment-large size-large\" alt=\"Two senior professionals collaborating in a modern office, representing expert consulting and leadership in complex technical and organizational environments\" srcset=\"https:\/\/space42.ch\/wp-content\/uploads\/2026\/01\/senior-experts-modern-office-800x800.webp 800w, https:\/\/space42.ch\/wp-content\/uploads\/2026\/01\/senior-experts-modern-office-400x400.webp 400w, https:\/\/space42.ch\/wp-content\/uploads\/2026\/01\/senior-experts-modern-office-280x280.webp 280w, https:\/\/space42.ch\/wp-content\/uploads\/2026\/01\/senior-experts-modern-office-768x768.webp 768w, https:\/\/space42.ch\/wp-content\/uploads\/2026\/01\/senior-experts-modern-office-300x300.webp 300w, https:\/\/space42.ch\/wp-content\/uploads\/2026\/01\/senior-experts-modern-office-600x600.webp 600w, https:\/\/space42.ch\/wp-content\/uploads\/2026\/01\/senior-experts-modern-office-100x100.webp 100w, https:\/\/space42.ch\/wp-content\/uploads\/2026\/01\/senior-experts-modern-office.webp 1200w\" sizes=\"auto, (max-width: 800px) 100vw, 800px\" \/>\t\t\t\t\t\t\n\t\t\t\t\t<\/div>\n\t\t\t\t<\/div>\t\t\t\t\n<style>\n#image_1374346869 {\n  width: 100%;\n}\n<\/style>\n\t<\/div>\n\t\n\n\n\t\t<\/div>\n\t\t\t\t\n<style>\n#col-2048227462 > .col-inner {\n  padding: 0px 0px 0px 0px;\n}\n<\/style>\n\t<\/div>\n\n\t\n\n<\/div>\n\n\t\t<\/div>\n\n\t\t\n<style>\n#section_524093162 {\n  padding-top: 96px;\n  padding-bottom: 96px;\n}\n<\/style>\n\t<\/section>\n\t\n\n\t<section class=\"section\" id=\"section_1478615579\">\n\t\t<div class=\"section-bg fill\" >\n\t\t\t\t\t\t\t\t\t\n\t\t\t\n\n\t\t<\/div>\n\n\t\t\n\n\t\t<div class=\"section-content relative\">\n\t\t\t\n\n<div class=\"row row-large\" style=\"max-width:80%\" id=\"row-969239672\">\n\n\n\t<div id=\"col-761698319\" class=\"col medium-6 small-12 large-6\"  >\n\t\t\t\t<div class=\"col-inner\"  >\n\t\t\t\n\t\t\t\n\n\t<div class=\"img has-hover x md-x lg-x y md-y lg-y\" id=\"image_529097020\">\n\t\t\t\t<div data-parallax-fade=\"true\" data-parallax=\"2\">\t\t\t\t<div class=\"img-inner image-cover dark\" style=\"padding-top:75%;\">\n\t\t\t<img loading=\"lazy\" decoding=\"async\" width=\"603\" height=\"800\" src=\"https:\/\/space42.ch\/wp-content\/uploads\/2026\/01\/how-we-work-futuristic-crane-603x800.webp\" class=\"attachment-large size-large\" alt=\"Futuristic crane in a dreamlike setting, symbolizing structured and quality-driven work processes at Space 42\" srcset=\"https:\/\/space42.ch\/wp-content\/uploads\/2026\/01\/how-we-work-futuristic-crane-603x800.webp 603w, https:\/\/space42.ch\/wp-content\/uploads\/2026\/01\/how-we-work-futuristic-crane-301x400.webp 301w, https:\/\/space42.ch\/wp-content\/uploads\/2026\/01\/how-we-work-futuristic-crane-768x1019.webp 768w, https:\/\/space42.ch\/wp-content\/uploads\/2026\/01\/how-we-work-futuristic-crane-600x796.webp 600w, https:\/\/space42.ch\/wp-content\/uploads\/2026\/01\/how-we-work-futuristic-crane.webp 904w\" sizes=\"auto, (max-width: 603px) 100vw, 603px\" \/>\t\t\t\t\t\t\n\t\t\t\t\t<\/div>\n\t\t\t\t<\/div>\t\t\t\t\n<style>\n#image_529097020 {\n  width: 100%;\n}\n<\/style>\n\t<\/div>\n\t\n\n\n\t\t<\/div>\n\t\t\t\t\t<\/div>\n\n\t\n\n\t<div id=\"col-464891531\" class=\"col medium-6 small-12 large-6\"  >\n\t\t\t\t<div class=\"col-inner\"  >\n\t\t\t\n\t\t\t\n\n\t<div id=\"text-3953407518\" class=\"text\">\n\t\t\n\n<p>Wie wir arbeiten<\/p>\n\t\t\n<style>\n#text-3953407518 {\n  color: rgb(255, 255, 255);\n}\n#text-3953407518 > * {\n  color: rgb(255, 255, 255);\n}\n<\/style>\n\t<\/div>\n\t\n\t<div id=\"text-2550341049\" class=\"text\">\n\t\t\n\n<h2>Strukturiert, expertengef\u00fchrt und ergebnisorientiert<\/h2>\n\t\t\n<style>\n#text-2550341049 {\n  color: rgb(255, 255, 255);\n}\n#text-2550341049 > * {\n  color: rgb(255, 255, 255);\n}\n<\/style>\n\t<\/div>\n\t\n\t<div id=\"text-3338806848\" class=\"text\">\n\t\t\n\n<ol>\n<li data-start=\"1655\" data-end=\"1771\"><strong data-start=\"1655\" data-end=\"1684\">Den Kontext verstehen<\/strong><br data-start=\"1684\" data-end=\"1687\" \/>Wir investieren Zeit, um Ziele, Rahmenbedingungen und technische Umgebungen zu verstehen.<\/li>\n<li data-start=\"1776\" data-end=\"1879\"><strong data-start=\"1776\" data-end=\"1795\">Experten-Matching<\/strong><br data-start=\"1795\" data-end=\"1798\" \/>Senior-Berater:innen werden anhand nachgewiesener Erfahrung und passender Kontextzuordnung ausgew\u00e4hlt.<\/li>\n<li data-start=\"1884\" data-end=\"1986\"><strong data-start=\"1884\" data-end=\"1913\">Umsetzung &amp; Verantwortung<\/strong><br data-start=\"1913\" data-end=\"1916\" \/>Expert:innen \u00fcbernehmen Verantwortung f\u00fcr Entscheidungen, Umsetzung und Ergebnisse.<\/li>\n<li data-start=\"1991\" data-end=\"2082\"><strong data-start=\"1991\" data-end=\"2016\">Langfristige Partnerschaft<\/strong><br data-start=\"2016\" data-end=\"2019\" \/>Wir setzen den Fokus auf nachhaltige L\u00f6sungen und vertrauensvolle Zusammenarbeit.<\/li>\n<\/ol>\n\t\t\n<style>\n#text-3338806848 {\n  color: rgb(255, 255, 255);\n}\n#text-3338806848 > * {\n  color: rgb(255, 255, 255);\n}\n<\/style>\n\t<\/div>\n\t\n\n\t\t<\/div>\n\t\t\t\t\t<\/div>\n\n\t\n\n<\/div>\n\n\t\t<\/div>\n\n\t\t\n<style>\n#section_1478615579 {\n  padding-top: 96px;\n  padding-bottom: 96px;\n}\n<\/style>\n\t<\/section>\n\t\n\n\t<section class=\"section\" id=\"section_122667496\">\n\t\t<div class=\"section-bg fill\" >\n\t\t\t<img loading=\"lazy\" decoding=\"async\" width=\"2560\" height=\"1664\" src=\"https:\/\/space42.ch\/wp-content\/uploads\/2025\/12\/rutnat.png\" class=\"bg attachment-original size-original\" alt=\"\" \/>\t\t\t\t\t\t\n\t\t\t\n\n\t\t<\/div>\n\n\t\t\n\n\t\t<div class=\"section-content relative\">\n\t\t\t\n\n<div class=\"row row-large\" style=\"max-width:80%\" id=\"row-1108364712\">\n\n\n\t<div id=\"col-277398968\" class=\"col medium-6 small-12 large-6\"  >\n\t\t\t\t<div class=\"col-inner\"  >\n\t\t\t\n\t\t\t\n\n\t<div id=\"text-4283374229\" class=\"text\">\n\t\t\n\n<p>Warum Space42<\/p>\n\t\t\n<style>\n#text-4283374229 {\n  color: rgb(255, 255, 255);\n}\n#text-4283374229 > * {\n  color: rgb(255, 255, 255);\n}\n<\/style>\n\t<\/div>\n\t\n\t<div id=\"text-535881082\" class=\"text\">\n\t\t\n\n<h2>Expertise, auf die Sie sich verlassen k\u00f6nnen<\/h2>\n\t\t\n<style>\n#text-535881082 {\n  color: rgb(255, 255, 255);\n}\n#text-535881082 > * {\n  color: rgb(255, 255, 255);\n}\n<\/style>\n\t<\/div>\n\t\n\t<div id=\"text-3859960381\" class=\"text\">\n\t\t\n\n<p>Auf langfristigen Mehrwert, sorgf\u00e4ltiges Matching und verl\u00e4ssliche Umsetzung gebaut, sorgt Space42 f\u00fcr Klarheit, Verantwortlichkeit und nachhaltige Ergebnisse.<\/p>\n<ul>\n<li data-start=\"2588\" data-end=\"2637\">Erfahrene Fachkr\u00e4fte mit aktiver Praxist\u00e4tigkeit<\/li>\n<li data-start=\"2640\" data-end=\"2685\">Bew\u00e4hrte F\u00e4higkeit zu f\u00fchren, beraten und Ergebnisse zu liefern<\/li>\n<li data-start=\"2688\" data-end=\"2720\">Sorgf\u00e4ltige Auswahl und passgenaues Matching<\/li>\n<li data-start=\"2723\" data-end=\"2776\">Zuverl\u00e4ssige Umsetzung in komplexen und regulierten Umgebungen<\/li>\n<\/ul>\n\t\t\n<style>\n#text-3859960381 {\n  color: rgb(255, 255, 255);\n}\n#text-3859960381 > * {\n  color: rgb(255, 255, 255);\n}\n<\/style>\n\t<\/div>\n\t\n\n\t\t<\/div>\n\t\t\t\t\t<\/div>\n\n\t\n\n\t<div id=\"col-2134934029\" class=\"col medium-6 small-12 large-6 small-col-first\"  >\n\t\t\t\t<div class=\"col-inner\"  >\n\t\t\t\n\t\t\t\n\n\t<div class=\"img has-hover x md-x lg-x y md-y lg-y\" id=\"image_1682810504\">\n\t\t\t\t<div data-parallax-fade=\"true\" data-parallax=\"2\">\t\t\t\t<div class=\"img-inner image-cover dark\" style=\"padding-top:75%;\">\n\t\t\t<img loading=\"lazy\" decoding=\"async\" width=\"800\" height=\"800\" src=\"https:\/\/space42.ch\/wp-content\/uploads\/2026\/01\/smiling-senior-consultant-800x800.webp\" class=\"attachment-large size-large\" alt=\"\" srcset=\"https:\/\/space42.ch\/wp-content\/uploads\/2026\/01\/smiling-senior-consultant-800x800.webp 800w, https:\/\/space42.ch\/wp-content\/uploads\/2026\/01\/smiling-senior-consultant-400x400.webp 400w, https:\/\/space42.ch\/wp-content\/uploads\/2026\/01\/smiling-senior-consultant-280x280.webp 280w, https:\/\/space42.ch\/wp-content\/uploads\/2026\/01\/smiling-senior-consultant-768x768.webp 768w, https:\/\/space42.ch\/wp-content\/uploads\/2026\/01\/smiling-senior-consultant-300x300.webp 300w, https:\/\/space42.ch\/wp-content\/uploads\/2026\/01\/smiling-senior-consultant-600x600.webp 600w, https:\/\/space42.ch\/wp-content\/uploads\/2026\/01\/smiling-senior-consultant-100x100.webp 100w, https:\/\/space42.ch\/wp-content\/uploads\/2026\/01\/smiling-senior-consultant.webp 1200w\" sizes=\"auto, (max-width: 800px) 100vw, 800px\" \/>\t\t\t\t\t\t\n\t\t\t\t\t<\/div>\n\t\t\t\t<\/div>\t\t\t\t\n<style>\n#image_1682810504 {\n  width: 100%;\n}\n<\/style>\n\t<\/div>\n\t\n\n\n\t\t<\/div>\n\t\t\t\t\t<\/div>\n\n\t\n\n<\/div>\n\n\t\t<\/div>\n\n\t\t\n<style>\n#section_122667496 {\n  padding-top: 96px;\n  padding-bottom: 96px;\n}\n<\/style>\n\t<\/section>\n\t\n\n\t<section class=\"section\" id=\"section_617630837\">\n\t\t<div class=\"section-bg fill\" >\n\t\t\t\t\t\t\t\t\t\n\t\t\t\n\n\t\t<\/div>\n\n\t\t\n\n\t\t<div class=\"section-content relative\">\n\t\t\t\n\n<div class=\"row row-large\" style=\"max-width:80%\" id=\"row-2006623908\">\n\n\n\t<div id=\"col-1897936313\" class=\"col medium-6 small-12 large-6\"  >\n\t\t\t\t<div class=\"col-inner\"  >\n\t\t\t\n\t\t\t\n\n\t<div class=\"img has-hover x md-x lg-x y md-y lg-y\" id=\"image_185689523\">\n\t\t\t\t<div data-parallax-fade=\"true\" data-parallax=\"2\">\t\t\t\t<div class=\"img-inner image-cover dark\" style=\"padding-top:75%;\">\n\t\t\t<img loading=\"lazy\" decoding=\"async\" width=\"1020\" height=\"680\" src=\"https:\/\/space42.ch\/wp-content\/uploads\/2026\/01\/people-moving-modern-office-hallway.webp\" class=\"attachment-large size-large\" alt=\"Blurred professionals walking through a modern office hallway, representing organizations that rely on senior expertise and structured solutions\" srcset=\"https:\/\/space42.ch\/wp-content\/uploads\/2026\/01\/people-moving-modern-office-hallway.webp 1200w, https:\/\/space42.ch\/wp-content\/uploads\/2026\/01\/people-moving-modern-office-hallway-600x400.webp 600w, https:\/\/space42.ch\/wp-content\/uploads\/2026\/01\/people-moving-modern-office-hallway-768x512.webp 768w\" sizes=\"auto, (max-width: 1020px) 100vw, 1020px\" \/>\t\t\t\t\t\t\n\t\t\t\t\t<\/div>\n\t\t\t\t<\/div>\t\t\t\t\n<style>\n#image_185689523 {\n  width: 100%;\n}\n<\/style>\n\t<\/div>\n\t\n\n\n\t\t<\/div>\n\t\t\t\t\t<\/div>\n\n\t\n\n\t<div id=\"col-1457645303\" class=\"col medium-6 small-12 large-6\"  >\n\t\t\t\t<div class=\"col-inner\"  >\n\t\t\t\n\t\t\t\n\n\t<div id=\"text-399003992\" class=\"text\">\n\t\t\n\n<p>Unsere Partner<\/p>\n\t\t\n<style>\n#text-399003992 {\n  color: rgb(255, 255, 255);\n}\n#text-399003992 > * {\n  color: rgb(255, 255, 255);\n}\n<\/style>\n\t<\/div>\n\t\n\t<div id=\"text-2859262906\" class=\"text\">\n\t\t\n\n<h2>Organisationen, in denen Expertise z\u00e4hlt<\/h2>\n\t\t\n<style>\n#text-2859262906 {\n  color: rgb(255, 255, 255);\n}\n#text-2859262906 > * {\n  color: rgb(255, 255, 255);\n}\n<\/style>\n\t<\/div>\n\t\n\t<div id=\"text-509694001\" class=\"text\">\n\t\t\n\n<p>Wir arbeiten mit Organisationen zusammen, die vor komplexen technischen, regulierten oder besonders anspruchsvollen Herausforderungen stehen und strukturierte, expertengef\u00fchrte L\u00f6sungen sch\u00e4tzen.<\/p>\n<ul>\n<li data-start=\"2904\" data-end=\"2933\">Technologiegetriebene Unternehmen<\/li>\n<li data-start=\"2936\" data-end=\"2971\">Ingenieurorientierte Organisationen<\/li>\n<li data-start=\"2974\" data-end=\"3016\">\u00d6ffentlicher Sektor und regulierte Umgebungen<\/li>\n<li data-start=\"3019\" data-end=\"3072\">Organisationen, die in gro\u00dfem Ma\u00dfstab oder bei hoher Komplexit\u00e4t arbeiten<\/li>\n<\/ul>\n\t\t\n<style>\n#text-509694001 {\n  color: rgb(255, 255, 255);\n}\n#text-509694001 > * {\n  color: rgb(255, 255, 255);\n}\n<\/style>\n\t<\/div>\n\t\n\n\t\t<\/div>\n\t\t\t\t\t<\/div>\n\n\t\n\n<\/div>\n\n\t\t<\/div>\n\n\t\t\n<style>\n#section_617630837 {\n  padding-top: 96px;\n  padding-bottom: 96px;\n}\n<\/style>\n\t<\/section>\n\t\n\n\t<section class=\"section\" id=\"section_973039195\">\n\t\t<div class=\"section-bg fill\" >\n\t\t\t<img loading=\"lazy\" decoding=\"async\" width=\"2560\" height=\"1664\" src=\"https:\/\/space42.ch\/wp-content\/uploads\/2025\/12\/rutnat.png\" class=\"bg attachment-original size-original\" alt=\"\" \/>\t\t\t\t\t\t\n\t\t\t\n\n\t\t<\/div>\n\n\t\t\n\n\t\t<div class=\"section-content relative\">\n\t\t\t\n\n<div class=\"row row-large\" style=\"max-width:80%\" id=\"row-219572238\">\n\n\n\t<div id=\"col-2076325540\" class=\"col medium-6 small-12 large-6\"  >\n\t\t\t\t<div class=\"col-inner\"  >\n\t\t\t\n\t\t\t\n\n\t<div id=\"text-439771387\" class=\"text\">\n\t\t\n\n<p>Kontakt aufnehme<\/p>\n\t\t\n<style>\n#text-439771387 {\n  color: rgb(255, 255, 255);\n}\n#text-439771387 > * {\n  color: rgb(255, 255, 255);\n}\n<\/style>\n\t<\/div>\n\t\n\t<div id=\"text-3214541041\" class=\"text\">\n\t\t\n\n<h2>Lassen Sie uns komplexe Herausforderungen gemeinsam l\u00f6sen<\/h2>\n\t\t\n<style>\n#text-3214541041 {\n  color: rgb(255, 255, 255);\n}\n#text-3214541041 > * {\n  color: rgb(255, 255, 255);\n}\n<\/style>\n\t<\/div>\n\t\n\t<div id=\"text-3610546096\" class=\"text\">\n\t\t\n\n<p data-start=\"894\" data-end=\"1129\">Egal, ob Sie vor Architekturentscheidungen, Transformationsprojekten oder kritischen Umsetzungsherausforderungen stehen \u2013 Space42 stellt die erforderliche Senior-Expertise bereit, um mit Sicherheit voranzukommen.<\/p>\n\t\t\n<style>\n#text-3610546096 {\n  color: rgb(255, 255, 255);\n}\n#text-3610546096 > * {\n  color: rgb(255, 255, 255);\n}\n<\/style>\n\t<\/div>\n\t\n<a href=\"https:\/\/space42.ch\/de\/contact\/\" class=\"button primary\" style=\"border-radius:99px;\">\n\t\t<span>Termin vereinbaren<\/span>\n\t<\/a>\n\n\n<a href=\"mailto:swiss@space42.ch\" class=\"button secondary\" style=\"border-radius:99px;\">\n\t\t<span>Kontakt aufnehmen<\/span>\n\t<\/a>\n\n\n\n\t\t<\/div>\n\t\t\t\t\t<\/div>\n\n\t\n\n\t<div id=\"col-327792857\" class=\"col medium-6 small-12 large-6 small-col-first\"  >\n\t\t\t\t<div class=\"col-inner\"  >\n\t\t\t\n\t\t\t\n\n\t<div class=\"img has-hover x md-x lg-x y md-y lg-y\" id=\"image_353925941\">\n\t\t\t\t<div data-parallax-fade=\"true\" data-parallax=\"2\">\t\t\t\t<div class=\"img-inner image-cover dark\" style=\"padding-top:75%;\">\n\t\t\t<img loading=\"lazy\" decoding=\"async\" width=\"533\" height=\"800\" src=\"https:\/\/space42.ch\/wp-content\/uploads\/2026\/01\/zurich-street-533x800.webp\" class=\"attachment-large size-large\" alt=\"Street scene in Z\u00fcrich, representing connection and approachability for Space 42\" srcset=\"https:\/\/space42.ch\/wp-content\/uploads\/2026\/01\/zurich-street-533x800.webp 533w, https:\/\/space42.ch\/wp-content\/uploads\/2026\/01\/zurich-street-267x400.webp 267w, https:\/\/space42.ch\/wp-content\/uploads\/2026\/01\/zurich-street-768x1152.webp 768w, https:\/\/space42.ch\/wp-content\/uploads\/2026\/01\/zurich-street-600x900.webp 600w, https:\/\/space42.ch\/wp-content\/uploads\/2026\/01\/zurich-street.webp 800w\" sizes=\"auto, (max-width: 533px) 100vw, 533px\" \/>\t\t\t\t\t\t\n\t\t\t\t\t<\/div>\n\t\t\t\t<\/div>\t\t\t\t\n<style>\n#image_353925941 {\n  width: 100%;\n}\n<\/style>\n\t<\/div>\n\t\n\n\n\t\t<\/div>\n\t\t\t\t\t<\/div>\n\n\t\n\n<\/div>\n\t<div id=\"gap-785944035\" class=\"gap-element clearfix\" style=\"display:block; height:auto;\">\n\t\t\n<style>\n#gap-785944035 {\n  padding-top: 96px;\n}\n<\/style>\n\t<\/div>\n\t\n\n\n\t\t<\/div>\n\n\t\t\n<style>\n#section_973039195 {\n  padding-top: 96px;\n  padding-bottom: 96px;\n}\n<\/style>\n\t<\/section>","protected":false},"excerpt":{"rendered":"","protected":false},"author":1,"featured_media":0,"parent":0,"menu_order":0,"comment_status":"closed","ping_status":"closed","template":"page-transparent-header-light.php","meta":{"footnotes":""},"class_list":["post-829","page","type-page","status-publish","hentry"],"_links":{"self":[{"href":"https:\/\/space42.ch\/de\/wp-json\/wp\/v2\/pages\/829","targetHints":{"allow":["GET"]}}],"collection":[{"href":"https:\/\/space42.ch\/de\/wp-json\/wp\/v2\/pages"}],"about":[{"href":"https:\/\/space42.ch\/de\/wp-json\/wp\/v2\/types\/page"}],"author":[{"embeddable":true,"href":"https:\/\/space42.ch\/de\/wp-json\/wp\/v2\/users\/1"}],"replies":[{"embeddable":true,"href":"https:\/\/space42.ch\/de\/wp-json\/wp\/v2\/comments?post=829"}],"version-history":[{"count":35,"href":"https:\/\/space42.ch\/de\/wp-json\/wp\/v2\/pages\/829\/revisions"}],"predecessor-version":[{"id":1015,"href":"https:\/\/space42.ch\/de\/wp-json\/wp\/v2\/pages\/829\/revisions\/1015"}],"wp:attachment":[{"href":"https:\/\/space42.ch\/de\/wp-json\/wp\/v2\/media?parent=829"}],"curies":[{"name":"wp","href":"https:\/\/api.w.org\/{rel}","templated":true}]}}