{"id":752,"date":"2026-01-14T13:02:39","date_gmt":"2026-01-14T13:02:39","guid":{"rendered":"https:\/\/space42.ch\/?page_id=752"},"modified":"2026-02-12T13:38:41","modified_gmt":"2026-02-12T13:38:41","slug":"education","status":"publish","type":"page","link":"https:\/\/space42.ch\/de\/education\/","title":{"rendered":"Bildung"},"content":{"rendered":"<section class=\"section is-full-height\" id=\"section_2063966279\">\n\t\t<div class=\"section-bg fill\" >\n\t\t\t<img loading=\"lazy\" decoding=\"async\" width=\"2560\" height=\"1664\" src=\"https:\/\/space42.ch\/wp-content\/uploads\/2025\/12\/rutnat.png\" class=\"bg attachment-original size-original\" alt=\"\" \/>\t\t\t\t\t\t\n\t\t\t\n\n\t\t<\/div>\n\n\t\t\n\n\t\t<div class=\"section-content relative\">\n\t\t\t\n\n<div class=\"row row-large\" style=\"max-width:80%\" id=\"row-1275386979\">\n\n\n\t<div id=\"col-1870105213\" class=\"col medium-8 small-12 large-8\"  >\n\t\t\t\t<div class=\"col-inner text-left\"  >\n\t\t\t\n\t\t\t\n\n\t<div id=\"text-2324524821\" class=\"text\">\n\t\t\n\n<p>Bildung<\/p>\n\t\t\n<style>\n#text-2324524821 {\n  color: rgb(255, 255, 255);\n}\n#text-2324524821 > * {\n  color: rgb(255, 255, 255);\n}\n<\/style>\n\t<\/div>\n\t\n\t<div id=\"text-864167923\" class=\"text\">\n\t\t\n\n<h1><span style=\"font-size: 100%;\">Praxisnahe Expertise <\/span><br \/><span style=\"font-size: 100%;\">f\u00fcr die Bildung<\/span><\/h1>\n\t\t\n<style>\n#text-864167923 {\n  color: rgb(255, 255, 255);\n}\n#text-864167923 > * {\n  color: rgb(255, 255, 255);\n}\n<\/style>\n\t<\/div>\n\t\n\t<div id=\"text-3470665944\" class=\"text\">\n\t\t\n\n<h3>Space42 arbeitet mit Schulen, Berufsbildungsinstitutionen und Hochschulen zusammen, um erfahrene Fach- und F\u00fchrungskr\u00e4fte aus der Industrie in die Bildung zu integrieren.<br \/>Unsere Expert:innen sind aktive Praktiker:innen in IT, Technologie und Engineering \u2013 und stellen sicher, dass Lernen auf realer Praxiserfahrung basiert, nicht allein auf Theorie.<\/h3>\n\t\t\n<style>\n#text-3470665944 {\n  color: rgb(255, 255, 255);\n}\n#text-3470665944 > * {\n  color: rgb(255, 255, 255);\n}\n<\/style>\n\t<\/div>\n\t\n\n\t\t<\/div>\n\t\t\t\t\n<style>\n#col-1870105213 > .col-inner {\n  padding: 0px 0px 0px 0px;\n  margin: 0px 0px 0px 0px;\n}\n<\/style>\n\t<\/div>\n\n\t\n\n\n<style>\n#row-1275386979 > .col > .col-inner {\n  padding: 0px 0px 0px 0px;\n}\n<\/style>\n<\/div>\n\n\t\t<\/div>\n\n\t\t\n<style>\n#section_2063966279 {\n  padding-top: 30px;\n  padding-bottom: 30px;\n  min-height: 100vh;\n}\n<\/style>\n\t<\/section>\n\t\n\n\t<section class=\"section\" id=\"section_517859971\">\n\t\t<div class=\"section-bg fill\" >\n\t\t\t\t\t\t\t\t\t\n\t\t\t\n\n\t\t<\/div>\n\n\t\t\n\n\t\t<div class=\"section-content relative\">\n\t\t\t\n\n<div class=\"row row-large\" style=\"max-width:80%\" id=\"row-985123324\">\n\n\n\t<div id=\"col-1618705057\" class=\"col medium-6 small-12 large-6\"  >\n\t\t\t\t<div class=\"col-inner\"  >\n\t\t\t\n\t\t\t\n\n\t<div class=\"img has-hover x md-x lg-x y md-y lg-y\" id=\"image_1544928442\">\n\t\t\t\t<div data-parallax-fade=\"true\" data-parallax=\"2\">\t\t\t\t<div class=\"img-inner image-cover dark\" style=\"padding-top:75%;\">\n\t\t\t<img loading=\"lazy\" decoding=\"async\" width=\"603\" height=\"800\" src=\"https:\/\/space42.ch\/wp-content\/uploads\/2026\/01\/closing-gap-theory-practice-hands-603x800.webp\" class=\"attachment-large size-large\" alt=\"Two hands reaching towards each other, symbolizing collaboration and bridging the gap between theory and practice in education\" srcset=\"https:\/\/space42.ch\/wp-content\/uploads\/2026\/01\/closing-gap-theory-practice-hands-603x800.webp 603w, https:\/\/space42.ch\/wp-content\/uploads\/2026\/01\/closing-gap-theory-practice-hands-301x400.webp 301w, https:\/\/space42.ch\/wp-content\/uploads\/2026\/01\/closing-gap-theory-practice-hands-768x1019.webp 768w, https:\/\/space42.ch\/wp-content\/uploads\/2026\/01\/closing-gap-theory-practice-hands-600x796.webp 600w, https:\/\/space42.ch\/wp-content\/uploads\/2026\/01\/closing-gap-theory-practice-hands.webp 904w\" sizes=\"auto, (max-width: 603px) 100vw, 603px\" \/>\t\t\t\t\t\t\n\t\t\t\t\t<\/div>\n\t\t\t\t<\/div>\t\t\t\t\n<style>\n#image_1544928442 {\n  width: 100%;\n}\n<\/style>\n\t<\/div>\n\t\n\n\n\t\t<\/div>\n\t\t\t\t\t<\/div>\n\n\t\n\n\t<div id=\"col-198512619\" class=\"col medium-6 small-12 large-6\"  >\n\t\t\t\t<div class=\"col-inner\"  >\n\t\t\t\n\t\t\t\n\n\t<div id=\"text-664737753\" class=\"text\">\n\t\t\n\n<p>Die Herausforderung<\/p>\n\t\t\n<style>\n#text-664737753 {\n  color: rgb(255, 255, 255);\n}\n#text-664737753 > * {\n  color: rgb(255, 255, 255);\n}\n<\/style>\n\t<\/div>\n\t\n\t<div id=\"text-53480507\" class=\"text\">\n\t\t\n\n<h2>Die L\u00fccke zwischen Theorie und Praxis schlie\u00dfen<\/h2>\n\t\t\n<style>\n#text-53480507 {\n  color: rgb(255, 255, 255);\n}\n#text-53480507 > * {\n  color: rgb(255, 255, 255);\n}\n<\/style>\n\t<\/div>\n\t\n\t<div id=\"text-3309297448\" class=\"text\">\n\t\t\n\n<p data-start=\"894\" data-end=\"1129\">Bildungseinrichtungen stehen zunehmend unter Druck, ihre Lehrpl\u00e4ne aktuell und relevant zu halten und gleichzeitig akademische und regulatorische Standards zu erf\u00fcllen.<br data-start=\"1019\" data-end=\"1022\" \/>Schnelle technologische Ver\u00e4nderungen erschweren es, intern stets praxisorientierte Expertise auf dem neuesten Stand zu halten.<\/p>\n<p data-start=\"1131\" data-end=\"1254\">Space42 begegnet dieser Herausforderung, indem erfahrene Branchenprofis direkt in die Lernumgebung integriert werden.<\/p>\n\t\t\n<style>\n#text-3309297448 {\n  color: rgb(255, 255, 255);\n}\n#text-3309297448 > * {\n  color: rgb(255, 255, 255);\n}\n<\/style>\n\t<\/div>\n\t\n\n\t\t<\/div>\n\t\t\t\t\t<\/div>\n\n\t\n\n<\/div>\n\n\t\t<\/div>\n\n\t\t\n<style>\n#section_517859971 {\n  padding-top: 96px;\n  padding-bottom: 96px;\n}\n<\/style>\n\t<\/section>\n\t\n\n\t<section class=\"section\" id=\"section_1471703549\">\n\t\t<div class=\"section-bg fill\" >\n\t\t\t<img loading=\"lazy\" decoding=\"async\" width=\"2560\" height=\"1664\" src=\"https:\/\/space42.ch\/wp-content\/uploads\/2025\/12\/rutnat.png\" class=\"bg attachment-original size-original\" alt=\"\" \/>\t\t\t\t\t\t\n\t\t\t\n\n\t\t<\/div>\n\n\t\t\n\n\t\t<div class=\"section-content relative\">\n\t\t\t\n\n<div class=\"row row-large\" style=\"max-width:80%\" id=\"row-5620513\">\n\n\n\t<div id=\"col-445496560\" class=\"col medium-6 small-12 large-6\"  >\n\t\t\t\t<div class=\"col-inner\"  >\n\t\t\t\n\t\t\t\n\n\t<div id=\"text-3924482157\" class=\"text\">\n\t\t\n\n<p>Was wir liefern<\/p>\n\t\t\n<style>\n#text-3924482157 {\n  color: rgb(255, 255, 255);\n}\n#text-3924482157 > * {\n  color: rgb(255, 255, 255);\n}\n<\/style>\n\t<\/div>\n\t\n\t<div id=\"text-1331346385\" class=\"text\">\n\t\t\n\n<h2>Senior-Expertise aus der Industrie in der Bildung<\/h2>\n\t\t\n<style>\n#text-1331346385 {\n  color: rgb(255, 255, 255);\n}\n#text-1331346385 > * {\n  color: rgb(255, 255, 255);\n}\n<\/style>\n\t<\/div>\n\t\n\t<div id=\"text-1669639024\" class=\"text\">\n\t\t\n\n<p>Wir arbeiten ausschlie\u00dflich mit erfahrenen Branchenprofis, die tiefgehende technische Expertise mit der F\u00e4higkeit verbinden, effektiv zu lehren, zu coachen und zu kommunizieren.<\/p>\n<ul>\n<li data-start=\"1287\" data-end=\"1344\">Senior-Profis aus der Industrie als Lehrende und Trainer<\/li>\n<li data-start=\"1347\" data-end=\"1392\">IT-, Technologie- und Engineering-Disziplinen<\/li>\n<li data-start=\"1395\" data-end=\"1459\">Modulare Kurse, Workshops und langfristige Lehrauftr\u00e4ge<\/li>\n<li data-start=\"1462\" data-end=\"1509\">Lehrpl\u00e4neorientierte, praxisnahe Bildung<\/li>\n<li data-start=\"1512\" data-end=\"1564\">Expert:innen mit Sitz in der Schweiz, Deutschland und \u00d6sterreich<\/li>\n<\/ul>\n\t\t\n<style>\n#text-1669639024 {\n  color: rgb(255, 255, 255);\n}\n#text-1669639024 > * {\n  color: rgb(255, 255, 255);\n}\n<\/style>\n\t<\/div>\n\t\n\n\t\t<\/div>\n\t\t\t\t\t<\/div>\n\n\t\n\n\t<div id=\"col-609920735\" class=\"col medium-6 small-12 large-6 small-col-first\"  >\n\t\t\t\t<div class=\"col-inner\"  >\n\t\t\t\n\t\t\t\n\n\t<div class=\"img has-hover x md-x lg-x y md-y lg-y\" id=\"image_2057961095\">\n\t\t\t\t<div data-parallax-fade=\"true\" data-parallax=\"2\">\t\t\t\t<div class=\"img-inner image-cover dark\" style=\"padding-top:75%;\">\n\t\t\t<img loading=\"lazy\" decoding=\"async\" width=\"800\" height=\"800\" src=\"https:\/\/space42.ch\/wp-content\/uploads\/2026\/01\/senior-industry-experts-education-conference-800x800.webp\" class=\"attachment-large size-large\" alt=\"Senior industry professionals discussing and collaborating in a conference room, illustrating real-world expertise in education and training\" srcset=\"https:\/\/space42.ch\/wp-content\/uploads\/2026\/01\/senior-industry-experts-education-conference-800x800.webp 800w, https:\/\/space42.ch\/wp-content\/uploads\/2026\/01\/senior-industry-experts-education-conference-400x400.webp 400w, https:\/\/space42.ch\/wp-content\/uploads\/2026\/01\/senior-industry-experts-education-conference-280x280.webp 280w, https:\/\/space42.ch\/wp-content\/uploads\/2026\/01\/senior-industry-experts-education-conference-768x768.webp 768w, https:\/\/space42.ch\/wp-content\/uploads\/2026\/01\/senior-industry-experts-education-conference-300x300.webp 300w, https:\/\/space42.ch\/wp-content\/uploads\/2026\/01\/senior-industry-experts-education-conference-600x600.webp 600w, https:\/\/space42.ch\/wp-content\/uploads\/2026\/01\/senior-industry-experts-education-conference-100x100.webp 100w, https:\/\/space42.ch\/wp-content\/uploads\/2026\/01\/senior-industry-experts-education-conference.webp 1200w\" sizes=\"auto, (max-width: 800px) 100vw, 800px\" \/>\t\t\t\t\t\t\n\t\t\t\t\t<\/div>\n\t\t\t\t<\/div>\t\t\t\t\n<style>\n#image_2057961095 {\n  width: 100%;\n}\n<\/style>\n\t<\/div>\n\t\n\n\n\t\t<\/div>\n\t\t\t\t\t<\/div>\n\n\t\n\n<\/div>\n\n\t\t<\/div>\n\n\t\t\n<style>\n#section_1471703549 {\n  padding-top: 96px;\n  padding-bottom: 96px;\n}\n<\/style>\n\t<\/section>\n\t\n\n\t<section class=\"section\" id=\"section_138896970\">\n\t\t<div class=\"section-bg fill\" >\n\t\t\t\t\t\t\t\t\t\n\t\t\t\n\n\t\t<\/div>\n\n\t\t\n\n\t\t<div class=\"section-content relative\">\n\t\t\t\n\n<div class=\"row row-large\" style=\"max-width:80%\" id=\"row-827965932\">\n\n\n\t<div id=\"col-823976152\" class=\"col medium-6 small-12 large-6\"  >\n\t\t\t\t<div class=\"col-inner\"  >\n\t\t\t\n\t\t\t\n\n\t<div class=\"img has-hover x md-x lg-x y md-y lg-y\" id=\"image_200129790\">\n\t\t\t\t<div data-parallax-fade=\"true\" data-parallax=\"2\">\t\t\t\t<div class=\"img-inner image-cover dark\" style=\"padding-top:75%;\">\n\t\t\t<img loading=\"lazy\" decoding=\"async\" width=\"603\" height=\"800\" src=\"https:\/\/space42.ch\/wp-content\/uploads\/2026\/01\/how-we-work-futuristic-crane-603x800.webp\" class=\"attachment-large size-large\" alt=\"Futuristic crane in a dreamlike setting, symbolizing structured and quality-driven work processes at Space 42\" srcset=\"https:\/\/space42.ch\/wp-content\/uploads\/2026\/01\/how-we-work-futuristic-crane-603x800.webp 603w, https:\/\/space42.ch\/wp-content\/uploads\/2026\/01\/how-we-work-futuristic-crane-301x400.webp 301w, https:\/\/space42.ch\/wp-content\/uploads\/2026\/01\/how-we-work-futuristic-crane-768x1019.webp 768w, https:\/\/space42.ch\/wp-content\/uploads\/2026\/01\/how-we-work-futuristic-crane-600x796.webp 600w, https:\/\/space42.ch\/wp-content\/uploads\/2026\/01\/how-we-work-futuristic-crane.webp 904w\" sizes=\"auto, (max-width: 603px) 100vw, 603px\" \/>\t\t\t\t\t\t\n\t\t\t\t\t<\/div>\n\t\t\t\t<\/div>\t\t\t\t\n<style>\n#image_200129790 {\n  width: 100%;\n}\n<\/style>\n\t<\/div>\n\t\n\n\n\t\t<\/div>\n\t\t\t\t\t<\/div>\n\n\t\n\n\t<div id=\"col-865910226\" class=\"col medium-6 small-12 large-6\"  >\n\t\t\t\t<div class=\"col-inner\"  >\n\t\t\t\n\t\t\t\n\n\t<div id=\"text-1584753665\" class=\"text\">\n\t\t\n\n<p>Wie wir arbeiten<\/p>\n\t\t\n<style>\n#text-1584753665 {\n  color: rgb(255, 255, 255);\n}\n#text-1584753665 > * {\n  color: rgb(255, 255, 255);\n}\n<\/style>\n\t<\/div>\n\t\n\t<div id=\"text-1395352857\" class=\"text\">\n\t\t\n\n<h2>Qualit\u00e4tsorientiert, strukturiert und zuverl\u00e4ssig<\/h2>\n\t\t\n<style>\n#text-1395352857 {\n  color: rgb(255, 255, 255);\n}\n#text-1395352857 > * {\n  color: rgb(255, 255, 255);\n}\n<\/style>\n\t<\/div>\n\t\n\t<div id=\"text-2621044477\" class=\"text\">\n\t\t\n\n<p data-start=\"894\" data-end=\"1129\">Jedes Engagement bei Space42 beginnt mit einem tiefen Verst\u00e4ndnis der Ziele, Rahmenbedingungen und des Kontexts. Wir kombinieren erfahrene Expertise, sorgf\u00e4ltiges Matching und strukturierte Umsetzung, um messbare und nachhaltige Wirkung sicherzustellen \u2013 sei es im Unterricht, in Workshops oder in komplexen Projekten innerhalb von Organisationen.<\/p>\n\t\t\n<style>\n#text-2621044477 {\n  color: rgb(255, 255, 255);\n}\n#text-2621044477 > * {\n  color: rgb(255, 255, 255);\n}\n<\/style>\n\t<\/div>\n\t\n\n\t\t<\/div>\n\t\t\t\t\t<\/div>\n\n\t\n\n<\/div>\n\n\t\t<\/div>\n\n\t\t\n<style>\n#section_138896970 {\n  padding-top: 96px;\n  padding-bottom: 96px;\n}\n<\/style>\n\t<\/section>\n\t\n\n\t<section class=\"section\" id=\"section_1709337884\">\n\t\t<div class=\"section-bg fill\" >\n\t\t\t<img loading=\"lazy\" decoding=\"async\" width=\"2560\" height=\"1664\" src=\"https:\/\/space42.ch\/wp-content\/uploads\/2025\/12\/rutnat.png\" class=\"bg attachment-original size-original\" alt=\"\" \/>\t\t\t\t\t\t\n\t\t\t\n\n\t\t<\/div>\n\n\t\t\n\n\t\t<div class=\"section-content relative\">\n\t\t\t\n\n<div class=\"row row-large\" style=\"max-width:80%\" id=\"row-1117833438\">\n\n\n\t<div id=\"col-1103063628\" class=\"col medium-6 small-12 large-6\"  >\n\t\t\t\t<div class=\"col-inner\"  >\n\t\t\t\n\t\t\t\n\n\t<div id=\"text-1086165961\" class=\"text\">\n\t\t\n\n<p>Warum Space42<\/p>\n\t\t\n<style>\n#text-1086165961 {\n  color: rgb(255, 255, 255);\n}\n#text-1086165961 > * {\n  color: rgb(255, 255, 255);\n}\n<\/style>\n\t<\/div>\n\t\n\t<div id=\"text-2434717728\" class=\"text\">\n\t\t\n\n<h2>Vertrauensw\u00fcrdige Expertise f\u00fcr moderne Bildung<\/h2>\n\t\t\n<style>\n#text-2434717728 {\n  color: rgb(255, 255, 255);\n}\n#text-2434717728 > * {\n  color: rgb(255, 255, 255);\n}\n<\/style>\n\t<\/div>\n\t\n\t<div id=\"text-1328823280\" class=\"text\">\n\t\t\n\n<p>Mit Fokus auf nachhaltigen Bildungserfolg, sorgf\u00e4ltiges Matching und verl\u00e4ssliche Umsetzung sorgt Space42 f\u00fcr Glaubw\u00fcrdigkeit, Kontinuit\u00e4t und messbare Ergebnisse.<\/p>\n<ul>\n<li data-start=\"893\" data-end=\"942\">Erfahrene Fachkr\u00e4fte mit aktiver Praxist\u00e4tigkeit<\/li>\n<li data-start=\"945\" data-end=\"1000\">Sorgf\u00e4ltige Auswahl und passgenaues Matching an die Bed\u00fcrfnisse der Institutionen<\/li>\n<li data-start=\"1003\" data-end=\"1060\">Bildung im Einklang mit realen Systemen und Standards<\/li>\n<li data-start=\"1063\" data-end=\"1123\">Zuverl\u00e4ssige Umsetzung in strukturierten und regulierten Umgebungen<\/li>\n<\/ul>\n\t\t\n<style>\n#text-1328823280 {\n  color: rgb(255, 255, 255);\n}\n#text-1328823280 > * {\n  color: rgb(255, 255, 255);\n}\n<\/style>\n\t<\/div>\n\t\n\n\t\t<\/div>\n\t\t\t\t\t<\/div>\n\n\t\n\n\t<div id=\"col-1297939941\" class=\"col medium-6 small-12 large-6 small-col-first\"  >\n\t\t\t\t<div class=\"col-inner\"  >\n\t\t\t\n\t\t\t\n\n\t<div class=\"img has-hover x md-x lg-x y md-y lg-y\" id=\"image_703905266\">\n\t\t\t\t<div data-parallax-fade=\"true\" data-parallax=\"2\">\t\t\t\t<div class=\"img-inner image-cover dark\" style=\"padding-top:75%;\">\n\t\t\t<img loading=\"lazy\" decoding=\"async\" width=\"640\" height=\"800\" src=\"https:\/\/space42.ch\/wp-content\/uploads\/2026\/01\/smiling-professional-640x800.webp\" class=\"attachment-large size-large\" alt=\"Smiling senior professional, representing approachable expertise and reliability at Space 42\" srcset=\"https:\/\/space42.ch\/wp-content\/uploads\/2026\/01\/smiling-professional-640x800.webp 640w, https:\/\/space42.ch\/wp-content\/uploads\/2026\/01\/smiling-professional-320x400.webp 320w, https:\/\/space42.ch\/wp-content\/uploads\/2026\/01\/smiling-professional-768x960.webp 768w, https:\/\/space42.ch\/wp-content\/uploads\/2026\/01\/smiling-professional-600x750.webp 600w, https:\/\/space42.ch\/wp-content\/uploads\/2026\/01\/smiling-professional.webp 960w\" sizes=\"auto, (max-width: 640px) 100vw, 640px\" \/>\t\t\t\t\t\t\n\t\t\t\t\t<\/div>\n\t\t\t\t<\/div>\t\t\t\t\n<style>\n#image_703905266 {\n  width: 100%;\n}\n<\/style>\n\t<\/div>\n\t\n\n\n\t\t<\/div>\n\t\t\t\t\t<\/div>\n\n\t\n\n<\/div>\n\n\t\t<\/div>\n\n\t\t\n<style>\n#section_1709337884 {\n  padding-top: 96px;\n  padding-bottom: 96px;\n}\n<\/style>\n\t<\/section>\n\t\n\n\t<section class=\"section\" id=\"section_879257537\">\n\t\t<div class=\"section-bg fill\" >\n\t\t\t\t\t\t\t\t\t\n\t\t\t\n\n\t\t<\/div>\n\n\t\t\n\n\t\t<div class=\"section-content relative\">\n\t\t\t\n\n<div class=\"row row-large\" style=\"max-width:80%\" id=\"row-901747558\">\n\n\n\t<div id=\"col-1998390717\" class=\"col medium-6 small-12 large-6\"  >\n\t\t\t\t<div class=\"col-inner\"  >\n\t\t\t\n\t\t\t\n\n\t<div class=\"img has-hover x md-x lg-x y md-y lg-y\" id=\"image_546130991\">\n\t\t\t\t<div data-parallax-fade=\"true\" data-parallax=\"2\">\t\t\t\t<div class=\"img-inner image-cover dark\" style=\"padding-top:75%;\">\n\t\t\t<img loading=\"lazy\" decoding=\"async\" width=\"1020\" height=\"557\" src=\"https:\/\/space42.ch\/wp-content\/uploads\/2026\/01\/walking-in-modern-office.webp\" class=\"attachment-large size-large\" alt=\"\" srcset=\"https:\/\/space42.ch\/wp-content\/uploads\/2026\/01\/walking-in-modern-office.webp 1200w, https:\/\/space42.ch\/wp-content\/uploads\/2026\/01\/walking-in-modern-office-733x400.webp 733w, https:\/\/space42.ch\/wp-content\/uploads\/2026\/01\/walking-in-modern-office-768x419.webp 768w, https:\/\/space42.ch\/wp-content\/uploads\/2026\/01\/walking-in-modern-office-600x328.webp 600w\" sizes=\"auto, (max-width: 1020px) 100vw, 1020px\" \/>\t\t\t\t\t\t\n\t\t\t\t\t<\/div>\n\t\t\t\t<\/div>\t\t\t\t\n<style>\n#image_546130991 {\n  width: 100%;\n}\n<\/style>\n\t<\/div>\n\t\n\n\n\t\t<\/div>\n\t\t\t\t\t<\/div>\n\n\t\n\n\t<div id=\"col-1211466336\" class=\"col medium-6 small-12 large-6\"  >\n\t\t\t\t<div class=\"col-inner\"  >\n\t\t\t\n\t\t\t\n\n\t<div id=\"text-3478443870\" class=\"text\">\n\t\t\n\n<p>Unsere Partner<\/p>\n\t\t\n<style>\n#text-3478443870 {\n  color: rgb(255, 255, 255);\n}\n#text-3478443870 > * {\n  color: rgb(255, 255, 255);\n}\n<\/style>\n\t<\/div>\n\t\n\t<div id=\"text-672416571\" class=\"text\">\n\t\t\n\n<h2>Bildungseinrichtungen, die Wert auf Relevanz und Qualit\u00e4t legen<\/h2>\n\t\t\n<style>\n#text-672416571 {\n  color: rgb(255, 255, 255);\n}\n#text-672416571 > * {\n  color: rgb(255, 255, 255);\n}\n<\/style>\n\t<\/div>\n\t\n\t<div id=\"text-1643999007\" class=\"text\">\n\t\t\n\n<p data-start=\"894\" data-end=\"1129\">Wir arbeiten mit Institutionen zusammen, die die praxisnahe Relevanz st\u00e4rken und gleichzeitig akademische sowie regulatorische Standards einhalten m\u00f6chten.<\/p>\n<ul>\n<li data-start=\"1436\" data-end=\"1482\">Schulen und weiterf\u00fchrende Bildungseinrichtungen<\/li>\n<li data-start=\"1485\" data-end=\"1531\">Berufs- und Weiterbildungseinrichtungen<\/li>\n<li data-start=\"1534\" data-end=\"1585\">Universit\u00e4ten und Fachhochschulen<\/li>\n<li data-start=\"1588\" data-end=\"1635\">\u00d6ffentliche und regulierte Bildungseinrichtungen<\/li>\n<\/ul>\n\t\t\n<style>\n#text-1643999007 {\n  color: rgb(255, 255, 255);\n}\n#text-1643999007 > * {\n  color: rgb(255, 255, 255);\n}\n<\/style>\n\t<\/div>\n\t\n\n\t\t<\/div>\n\t\t\t\t\t<\/div>\n\n\t\n\n<\/div>\n\n\t\t<\/div>\n\n\t\t\n<style>\n#section_879257537 {\n  padding-top: 96px;\n  padding-bottom: 96px;\n}\n<\/style>\n\t<\/section>\n\t\n\n\t<section class=\"section\" id=\"section_736538644\">\n\t\t<div class=\"section-bg fill\" >\n\t\t\t<img loading=\"lazy\" decoding=\"async\" width=\"2560\" height=\"1664\" src=\"https:\/\/space42.ch\/wp-content\/uploads\/2025\/12\/rutnat.png\" class=\"bg attachment-original size-original\" alt=\"\" \/>\t\t\t\t\t\t\n\t\t\t\n\n\t\t<\/div>\n\n\t\t\n\n\t\t<div class=\"section-content relative\">\n\t\t\t\n\n<div class=\"row row-large\" style=\"max-width:80%\" id=\"row-38282421\">\n\n\n\t<div id=\"col-2006044214\" class=\"col medium-6 small-12 large-6\"  >\n\t\t\t\t<div class=\"col-inner\"  >\n\t\t\t\n\t\t\t\n\n\t<div id=\"text-2393085450\" class=\"text\">\n\t\t\n\n<p>Kontakt aufnehme<\/p>\n\t\t\n<style>\n#text-2393085450 {\n  color: rgb(255, 255, 255);\n}\n#text-2393085450 > * {\n  color: rgb(255, 255, 255);\n}\n<\/style>\n\t<\/div>\n\t\n\t<div id=\"text-3498714486\" class=\"text\">\n\t\t\n\n<h2>Lassen Sie uns Bildung mit praxisnaher Expertise st\u00e4rken<\/h2>\n\t\t\n<style>\n#text-3498714486 {\n  color: rgb(255, 255, 255);\n}\n#text-3498714486 > * {\n  color: rgb(255, 255, 255);\n}\n<\/style>\n\t<\/div>\n\t\n\t<div id=\"text-2427684137\" class=\"text\">\n\t\t\n\n<p data-start=\"894\" data-end=\"1129\">Egal, ob Sie Lehrpl\u00e4ne aktualisieren, neue Programme starten oder Kompetenzl\u00fccken schlie\u00dfen m\u00f6chten \u2013 Space42 stellt erfahrene Fachkr\u00e4fte bereit, die Bildung n\u00e4her an die Praxis heranf\u00fchren.<\/p>\n\t\t\n<style>\n#text-2427684137 {\n  color: rgb(255, 255, 255);\n}\n#text-2427684137 > * {\n  color: rgb(255, 255, 255);\n}\n<\/style>\n\t<\/div>\n\t\n<a href=\"https:\/\/space42.ch\/de\/contact\/\" class=\"button primary\" style=\"border-radius:99px;\">\n\t\t<span>Termin vereinbaren<\/span>\n\t<\/a>\n\n\n<a href=\"mailto:swiss@space42.ch\" class=\"button secondary\" style=\"border-radius:99px;\">\n\t\t<span>Kontakt aufnehmen<\/span>\n\t<\/a>\n\n\n\n\t\t<\/div>\n\t\t\t\t\t<\/div>\n\n\t\n\n\t<div id=\"col-987200800\" class=\"col medium-6 small-12 large-6 small-col-first\"  >\n\t\t\t\t<div class=\"col-inner\"  >\n\t\t\t\n\t\t\t\n\n\t<div class=\"img has-hover x md-x lg-x y md-y lg-y\" id=\"image_1791244781\">\n\t\t\t\t<div data-parallax-fade=\"true\" data-parallax=\"2\">\t\t\t\t<div class=\"img-inner image-cover dark\" style=\"padding-top:75%;\">\n\t\t\t<img loading=\"lazy\" decoding=\"async\" width=\"533\" height=\"800\" src=\"https:\/\/space42.ch\/wp-content\/uploads\/2026\/01\/zurich-street-533x800.webp\" class=\"attachment-large size-large\" alt=\"Street scene in Z\u00fcrich, representing connection and approachability for Space 42\" srcset=\"https:\/\/space42.ch\/wp-content\/uploads\/2026\/01\/zurich-street-533x800.webp 533w, https:\/\/space42.ch\/wp-content\/uploads\/2026\/01\/zurich-street-267x400.webp 267w, https:\/\/space42.ch\/wp-content\/uploads\/2026\/01\/zurich-street-768x1152.webp 768w, https:\/\/space42.ch\/wp-content\/uploads\/2026\/01\/zurich-street-600x900.webp 600w, https:\/\/space42.ch\/wp-content\/uploads\/2026\/01\/zurich-street.webp 800w\" sizes=\"auto, (max-width: 533px) 100vw, 533px\" \/>\t\t\t\t\t\t\n\t\t\t\t\t<\/div>\n\t\t\t\t<\/div>\t\t\t\t\n<style>\n#image_1791244781 {\n  width: 100%;\n}\n<\/style>\n\t<\/div>\n\t\n\n\n\t\t<\/div>\n\t\t\t\t\t<\/div>\n\n\t\n\n<\/div>\n\t<div id=\"gap-1914554476\" class=\"gap-element clearfix\" style=\"display:block; height:auto;\">\n\t\t\n<style>\n#gap-1914554476 {\n  padding-top: 96px;\n}\n<\/style>\n\t<\/div>\n\t\n\n\n\t\t<\/div>\n\n\t\t\n<style>\n#section_736538644 {\n  padding-top: 96px;\n  padding-bottom: 96px;\n}\n<\/style>\n\t<\/section>","protected":false},"excerpt":{"rendered":"","protected":false},"author":1,"featured_media":0,"parent":0,"menu_order":0,"comment_status":"closed","ping_status":"closed","template":"page-transparent-header-light.php","meta":{"footnotes":""},"class_list":["post-752","page","type-page","status-publish","hentry"],"_links":{"self":[{"href":"https:\/\/space42.ch\/de\/wp-json\/wp\/v2\/pages\/752","targetHints":{"allow":["GET"]}}],"collection":[{"href":"https:\/\/space42.ch\/de\/wp-json\/wp\/v2\/pages"}],"about":[{"href":"https:\/\/space42.ch\/de\/wp-json\/wp\/v2\/types\/page"}],"author":[{"embeddable":true,"href":"https:\/\/space42.ch\/de\/wp-json\/wp\/v2\/users\/1"}],"replies":[{"embeddable":true,"href":"https:\/\/space42.ch\/de\/wp-json\/wp\/v2\/comments?post=752"}],"version-history":[{"count":78,"href":"https:\/\/space42.ch\/de\/wp-json\/wp\/v2\/pages\/752\/revisions"}],"predecessor-version":[{"id":1078,"href":"https:\/\/space42.ch\/de\/wp-json\/wp\/v2\/pages\/752\/revisions\/1078"}],"wp:attachment":[{"href":"https:\/\/space42.ch\/de\/wp-json\/wp\/v2\/media?parent=752"}],"curies":[{"name":"wp","href":"https:\/\/api.w.org\/{rel}","templated":true}]}}